{"id":140,"date":"2025-11-15T11:55:45","date_gmt":"2025-11-15T11:55:45","guid":{"rendered":"https:\/\/3bint.co.uk\/index.php\/services\/"},"modified":"2025-11-15T11:56:18","modified_gmt":"2025-11-15T11:56:18","slug":"services","status":"publish","type":"page","link":"https:\/\/3bint.co.uk\/fr\/services\/","title":{"rendered":"Services"},"content":{"rendered":"<div class=\"wp-block-uagb-container uagb-block-398cb9f6 alignfull uagb-is-root-container\"><div class=\"uagb-container-inner-blocks-wrap\">\n<div class=\"wp-block-uagb-advanced-heading uagb-block-f3ca99db\"><p class=\"uagb-desc-text\">Solutions globales<\/p><h1 class=\"uagb-heading-text\">Des services logistiques fiables pour votre entreprise<\/h1><\/div>\n<\/div><\/div>\n\n\n\n<div class=\"wp-block-uagb-container uagb-layout-grid uagb-block-fa1435f9 alignfull uagb-is-root-container\"><div class=\"uagb-container-inner-blocks-wrap\">\n<div class=\"wp-block-uagb-image uagb-block-e6668d8b wp-block-uagb-image--layout-default wp-block-uagb-image--effect-static wp-block-uagb-image--align-none\"><figure class=\"wp-block-uagb-image__figure\"><img decoding=\"async\" srcset=\"https:\/\/3bint.co.uk\/wp-content\/uploads\/2025\/11\/pexels-photo-4483775.jpeg ,https:\/\/3bint.co.uk\/wp-content\/uploads\/2025\/11\/pexels-photo-4483775.jpeg 780w, https:\/\/3bint.co.uk\/wp-content\/uploads\/2025\/11\/pexels-photo-4483775.jpeg 360w\" sizes=\"auto, (max-width: 480px) 150px\" src=\"https:\/\/3bint.co.uk\/wp-content\/uploads\/2025\/11\/pexels-photo-4483775.jpeg\" alt=\"A man walking through a large industrial warehouse with stacked shelves filled with goods and products.\" class=\"uag-image-39\" width=\"570\" height=\"450\" title=\"services-01\" loading=\"lazy\" role=\"img\"\/><\/figure><\/div>\n\n\n\n<div class=\"wp-block-uagb-info-box uagb-block-22c66185 uagb-infobox__content-wrap  uagb-infobox-icon-above-title uagb-infobox-image-valign-top\"><div class=\"uagb-ifb-content\"><div class=\"uagb-ifb-title-wrap\"><h2 class=\"uagb-ifb-title-prefix\">01.<\/h2><h3 class=\"uagb-ifb-title\">Services d'ex\u00e9cution<\/h3><\/div><p class=\"uagb-ifb-desc\">Nos services d'ex\u00e9cution offrent une approche rationalis\u00e9e de la gestion des stocks et du traitement des commandes. Gr\u00e2ce \u00e0 une technologie de pointe, nous garantissons des livraisons de commandes pr\u00e9cises et en temps voulu, adapt\u00e9es aux besoins sp\u00e9cifiques de chaque client. Faites confiance \u00e0 notre \u00e9quipe d\u00e9vou\u00e9e pour am\u00e9liorer l'efficacit\u00e9 de votre cha\u00eene d'approvisionnement et la satisfaction de vos clients.<\/p><\/div><\/div>\n<\/div><\/div>\n\n\n\n<div class=\"wp-block-uagb-container uagb-layout-grid uagb-block-9b2ca079 alignfull uagb-is-root-container\"><div class=\"uagb-container-inner-blocks-wrap\">\n<div class=\"wp-block-uagb-info-box uagb-block-cbb9d937 uagb-infobox__content-wrap  uagb-infobox-icon-above-title uagb-infobox-image-valign-top\"><div class=\"uagb-ifb-content\"><div class=\"uagb-ifb-title-wrap\"><h2 class=\"uagb-ifb-title-prefix\">02.<\/h2><h3 class=\"uagb-ifb-title\">Services de courrier international<\/h3><\/div><p class=\"uagb-ifb-desc\">Nos services de courrier international offrent des options d'exp\u00e9dition rapides et fiables adapt\u00e9es aux entreprises de toutes tailles. Nous sommes sp\u00e9cialis\u00e9s dans la logistique de destination, garantissant que vos colis atteignent leur destination finale en toute s\u00e9curit\u00e9 et dans les d\u00e9lais impartis. Gr\u00e2ce \u00e0 notre vaste r\u00e9seau, vous pouvez \u00eatre s\u00fbr que vos livraisons sont trait\u00e9es avec soin et efficacit\u00e9.<\/p><\/div><\/div>\n\n\n\n<div class=\"wp-block-uagb-image uagb-block-7af7b4bf wp-block-uagb-image--layout-default wp-block-uagb-image--effect-static wp-block-uagb-image--align-none\"><figure class=\"wp-block-uagb-image__figure\"><img decoding=\"async\" srcset=\"https:\/\/3bint.co.uk\/wp-content\/uploads\/2025\/11\/pexels-photo-7309941.jpeg ,https:\/\/3bint.co.uk\/wp-content\/uploads\/2025\/11\/pexels-photo-7309941.jpeg 780w, https:\/\/3bint.co.uk\/wp-content\/uploads\/2025\/11\/pexels-photo-7309941.jpeg 360w\" sizes=\"auto, (max-width: 480px) 150px\" src=\"https:\/\/3bint.co.uk\/wp-content\/uploads\/2025\/11\/pexels-photo-7309941.jpeg\" alt=\"Open cardboard box with packing peanuts and hand placing patterned item.\" class=\"uag-image-40\" width=\"570\" height=\"450\" title=\"services-02\" loading=\"lazy\" role=\"img\"\/><\/figure><\/div>\n<\/div><\/div>\n\n\n\n<div class=\"wp-block-uagb-container uagb-layout-grid uagb-block-01d2b17b alignfull uagb-is-root-container\"><div class=\"uagb-container-inner-blocks-wrap\">\n<div class=\"wp-block-uagb-image uagb-block-7628e631 wp-block-uagb-image--layout-default wp-block-uagb-image--effect-static wp-block-uagb-image--align-none\"><figure class=\"wp-block-uagb-image__figure\"><img decoding=\"async\" srcset=\"https:\/\/3bint.co.uk\/wp-content\/uploads\/2025\/11\/pexels-photo-6169020.jpeg ,https:\/\/3bint.co.uk\/wp-content\/uploads\/2025\/11\/pexels-photo-6169020.jpeg 780w, https:\/\/3bint.co.uk\/wp-content\/uploads\/2025\/11\/pexels-photo-6169020.jpeg 360w\" sizes=\"auto, (max-width: 480px) 150px\" src=\"https:\/\/3bint.co.uk\/wp-content\/uploads\/2025\/11\/pexels-photo-6169020.jpeg\" alt=\"Organized cardboard boxes labeled &#039;Fragile&#039; in warehouse setting for shipping and logistics.\" class=\"uag-image-41\" width=\"570\" height=\"450\" title=\"services-03\" loading=\"lazy\" role=\"img\"\/><\/figure><\/div>\n\n\n\n<div class=\"wp-block-uagb-info-box uagb-block-97b889c1 uagb-infobox__content-wrap  uagb-infobox-icon-above-title uagb-infobox-image-valign-top\"><div class=\"uagb-ifb-content\"><div class=\"uagb-ifb-title-wrap\"><h2 class=\"uagb-ifb-title-prefix\">03.<\/h2><h3 class=\"uagb-ifb-title\">Solutions de commerce \u00e9lectronique<\/h3><\/div><p class=\"uagb-ifb-desc\">Nos solutions de commerce \u00e9lectronique sont con\u00e7ues pour soutenir les d\u00e9taillants en ligne gr\u00e2ce \u00e0 des services logistiques complets. De l'entreposage \u00e0 la livraison au dernier kilom\u00e8tre, nous adaptons nos solutions \u00e0 votre mod\u00e8le d'entreprise. Notre expertise garantit une exp\u00e9rience d'achat transparente pour vos clients et des op\u00e9rations simplifi\u00e9es pour votre entreprise.<\/p><\/div><\/div>\n<\/div><\/div>\n\n\n\n<div class=\"wp-block-uagb-container uagb-layout-grid uagb-block-c2a58bf8 alignfull uagb-is-root-container\"><div class=\"uagb-container-inner-blocks-wrap\">\n<div class=\"wp-block-uagb-info-box uagb-block-fafce59f uagb-infobox__content-wrap  uagb-infobox-icon-above-title uagb-infobox-image-valign-top\"><div class=\"uagb-ifb-content\"><div class=\"uagb-ifb-title-wrap\"><h2 class=\"uagb-ifb-title-prefix\">04.<\/h2><h3 class=\"uagb-ifb-title\">D\u00e9douanement<\/h3><\/div><p class=\"uagb-ifb-desc\">La r\u00e9glementation douani\u00e8re peut \u00eatre complexe, mais notre service de d\u00e9douanement vous simplifie la t\u00e2che. Notre \u00e9quipe exp\u00e9riment\u00e9e travaille avec diligence pour garantir le respect de toutes les exigences l\u00e9gales, minimiser les retards et assurer un transit sans heurts de vos marchandises \u00e0 travers les fronti\u00e8res. Comptez sur nous pour g\u00e9rer les formalit\u00e9s administratives afin que vous puissiez vous concentrer sur votre c\u0153ur de m\u00e9tier.<\/p><\/div><\/div>\n\n\n\n<div class=\"wp-block-uagb-image uagb-block-166f80e7 wp-block-uagb-image--layout-default wp-block-uagb-image--effect-static wp-block-uagb-image--align-none\"><figure class=\"wp-block-uagb-image__figure\"><img decoding=\"async\" srcset=\"https:\/\/3bint.co.uk\/wp-content\/uploads\/2025\/11\/pexels-photo-6169669.jpeg ,https:\/\/3bint.co.uk\/wp-content\/uploads\/2025\/11\/pexels-photo-6169669.jpeg 780w, https:\/\/3bint.co.uk\/wp-content\/uploads\/2025\/11\/pexels-photo-6169669.jpeg 360w\" sizes=\"auto, (max-width: 480px) 150px\" src=\"https:\/\/3bint.co.uk\/wp-content\/uploads\/2025\/11\/pexels-photo-6169669.jpeg\" alt=\"A variety of cardboard boxes labeled &#039;fragile&#039; stacked in a vehicle for shipping or storage.\" class=\"uag-image-42\" width=\"570\" height=\"450\" title=\"services-04\" loading=\"lazy\" role=\"img\"\/><\/figure><\/div>\n<\/div><\/div>\n\n\n\n<div class=\"wp-block-uagb-container uagb-block-589dc7bc alignfull uagb-is-root-container\"><div class=\"uagb-container-inner-blocks-wrap\">\n<div class=\"wp-block-uagb-advanced-heading uagb-block-047dddc0\"><p class=\"uagb-desc-text\">Notre processus<\/p><h2 class=\"uagb-heading-text\">Une logistique rationalis\u00e9e pour une efficacit\u00e9 maximale<\/h2><\/div>\n\n\n\n<div class=\"wp-block-uagb-container uagb-block-a7112b30\">\n<div class=\"wp-block-uagb-container uagb-block-fd4dfe74\">\n<div class=\"wp-block-uagb-info-box uagb-block-67ae5678 uagb-infobox__content-wrap  uagb-infobox-icon-above-title uagb-infobox-image-valign-top\"><div class=\"uagb-ifb-content\"><div class=\"uagb-ifb-title-wrap\"><span class=\"uagb-ifb-title-prefix\">STEP-01<\/span><h3 class=\"uagb-ifb-title\">L'\u00e9valuation<\/h3><\/div><p class=\"uagb-ifb-desc\">Nous \u00e9valuons vos besoins logistiques afin d'adapter nos services de mani\u00e8re efficace.<\/p><\/div><\/div>\n<\/div>\n\n\n\n<div class=\"wp-block-uagb-container uagb-block-adfe2a50\">\n<div class=\"wp-block-uagb-info-box uagb-block-93f710a6 uagb-infobox__content-wrap  uagb-infobox-icon-above-title uagb-infobox-image-valign-top\"><div class=\"uagb-ifb-content\"><div class=\"uagb-ifb-title-wrap\"><span class=\"uagb-ifb-title-prefix\">STEP-02<\/span><h3 class=\"uagb-ifb-title\">Mise en \u0153uvre<\/h3><\/div><p class=\"uagb-ifb-desc\">Notre \u00e9quipe ex\u00e9cute le plan logistique avec pr\u00e9cision et soin.<\/p><\/div><\/div>\n<\/div>\n\n\n\n<div class=\"wp-block-uagb-container uagb-block-a3fffeef\">\n<div class=\"wp-block-uagb-info-box uagb-block-84c030e1 uagb-infobox__content-wrap  uagb-infobox-icon-above-title uagb-infobox-image-valign-top\"><div class=\"uagb-ifb-content\"><div class=\"uagb-ifb-title-wrap\"><span class=\"uagb-ifb-title-prefix\">STEP-03<\/span><h3 class=\"uagb-ifb-title\">Retour d'information<\/h3><\/div><p class=\"uagb-ifb-desc\">Nous \u00e9valuons en permanence les performances et apportons des am\u00e9liorations sur la base des informations re\u00e7ues.<\/p><\/div><\/div>\n<\/div>\n<\/div>\n<\/div><\/div>\n\n\n\n<div class=\"wp-block-uagb-container uagb-block-82f7e11c alignfull uagb-is-root-container\"><div class=\"uagb-container-inner-blocks-wrap\">\n<div class=\"wp-block-uagb-info-box uagb-block-29a068cf uagb-infobox__content-wrap  uagb-infobox-icon-above-title uagb-infobox-image-valign-top\"><div class=\"uagb-ifb-content\"><div class=\"uagb-ifb-title-wrap\"><span class=\"uagb-ifb-title-prefix\">Pr\u00eat \u00e0 commencer ?<\/span><h2 class=\"uagb-ifb-title\">Prenez contact avec nous et am\u00e9liorez votre strat\u00e9gie logistique d\u00e8s aujourd'hui !<\/h2><\/div><p class=\"uagb-ifb-desc\">Prenez contact avec nous pour d\u00e9couvrir comment nos solutions sur mesure peuvent rationaliser votre logistique et am\u00e9liorer l'efficacit\u00e9 de votre entreprise.<\/p><div class=\"uagb-ifb-button-wrapper wp-block-button\"><a href=\"\/fr\/contact\/\" class=\"uagb-infobox-cta-link wp-block-button__link\" target=\"_self\" rel=\"noopener noreferrer\" onclick=\"return true;\"><span class=\"uagb-inline-editing\">Commencer<\/span><\/a><\/div><\/div><\/div>\n<\/div><\/div>","protected":false},"excerpt":{"rendered":"<p>Des solutions compl\u00e8tes Des services logistiques fiables pour votre entreprise Notre processus Une logistique rationalis\u00e9e pour une efficacit\u00e9 maximale<\/p>","protected":false},"author":1,"featured_media":0,"parent":0,"menu_order":0,"comment_status":"closed","ping_status":"closed","template":"","meta":{"_uag_custom_page_level_css":"","site-sidebar-layout":"default","site-content-layout":"","ast-site-content-layout":"default","site-content-style":"default","site-sidebar-style":"default","ast-global-header-display":"","ast-banner-title-visibility":"","ast-main-header-display":"","ast-hfb-above-header-display":"","ast-hfb-below-header-display":"","ast-hfb-mobile-header-display":"","site-post-title":"disabled","ast-breadcrumbs-content":"","ast-featured-img":"","footer-sml-layout":"","theme-transparent-header-meta":"","adv-header-id-meta":"","stick-header-meta":"","header-above-stick-meta":"","header-main-stick-meta":"","header-below-stick-meta":"","astra-migrate-meta-layouts":"default","ast-page-background-enabled":"default","ast-page-background-meta":{"desktop":{"background-color":"var(--ast-global-color-4)","background-image":"","background-repeat":"repeat","background-position":"center center","background-size":"auto","background-attachment":"scroll","background-type":"","background-media":"","overlay-type":"","overlay-color":"","overlay-opacity":"","overlay-gradient":""},"tablet":{"background-color":"","background-image":"","background-repeat":"repeat","background-position":"center center","background-size":"auto","background-attachment":"scroll","background-type":"","background-media":"","overlay-type":"","overlay-color":"","overlay-opacity":"","overlay-gradient":""},"mobile":{"background-color":"","background-image":"","background-repeat":"repeat","background-position":"center center","background-size":"auto","background-attachment":"scroll","background-type":"","background-media":"","overlay-type":"","overlay-color":"","overlay-opacity":"","overlay-gradient":""}},"ast-content-background-meta":{"desktop":{"background-color":"var(--ast-global-color-5)","background-image":"","background-repeat":"repeat","background-position":"center center","background-size":"auto","background-attachment":"scroll","background-type":"","background-media":"","overlay-type":"","overlay-color":"","overlay-opacity":"","overlay-gradient":""},"tablet":{"background-color":"var(--ast-global-color-5)","background-image":"","background-repeat":"repeat","background-position":"center center","background-size":"auto","background-attachment":"scroll","background-type":"","background-media":"","overlay-type":"","overlay-color":"","overlay-opacity":"","overlay-gradient":""},"mobile":{"background-color":"var(--ast-global-color-5)","background-image":"","background-repeat":"repeat","background-position":"center center","background-size":"auto","background-attachment":"scroll","background-type":"","background-media":"","overlay-type":"","overlay-color":"","overlay-opacity":"","overlay-gradient":""}},"footnotes":""},"class_list":["post-140","page","type-page","status-publish","hentry"],"uagb_featured_image_src":{"full":false,"thumbnail":false,"medium":false,"medium_large":false,"large":false,"1536x1536":false,"2048x2048":false,"trp-custom-language-flag":false},"uagb_author_info":{"display_name":"admin","author_link":"https:\/\/3bint.co.uk\/fr\/author\/bintco\/"},"uagb_comment_info":0,"uagb_excerpt":"Comprehensive Solutions Reliable Logistics Services for Your Business Our Process Streamlined Logistics for Maximum Efficiency","_links":{"self":[{"href":"https:\/\/3bint.co.uk\/fr\/wp-json\/wp\/v2\/pages\/140","targetHints":{"allow":["GET"]}}],"collection":[{"href":"https:\/\/3bint.co.uk\/fr\/wp-json\/wp\/v2\/pages"}],"about":[{"href":"https:\/\/3bint.co.uk\/fr\/wp-json\/wp\/v2\/types\/page"}],"author":[{"embeddable":true,"href":"https:\/\/3bint.co.uk\/fr\/wp-json\/wp\/v2\/users\/1"}],"replies":[{"embeddable":true,"href":"https:\/\/3bint.co.uk\/fr\/wp-json\/wp\/v2\/comments?post=140"}],"version-history":[{"count":3,"href":"https:\/\/3bint.co.uk\/fr\/wp-json\/wp\/v2\/pages\/140\/revisions"}],"predecessor-version":[{"id":279,"href":"https:\/\/3bint.co.uk\/fr\/wp-json\/wp\/v2\/pages\/140\/revisions\/279"}],"wp:attachment":[{"href":"https:\/\/3bint.co.uk\/fr\/wp-json\/wp\/v2\/media?parent=140"}],"curies":[{"name":"wp","href":"https:\/\/api.w.org\/{rel}","templated":true}]}}