{"id":139,"date":"2025-11-15T11:55:44","date_gmt":"2025-11-15T11:55:44","guid":{"rendered":"https:\/\/3bint.co.uk\/index.php\/about\/"},"modified":"2025-11-15T15:42:10","modified_gmt":"2025-11-15T15:42:10","slug":"about","status":"publish","type":"page","link":"https:\/\/3bint.co.uk\/fr\/about\/","title":{"rendered":"A propos de"},"content":{"rendered":"<div class=\"wp-block-uagb-container uagb-block-398cb9f6 alignfull uagb-is-root-container\"><div class=\"uagb-container-inner-blocks-wrap\">\n<div class=\"wp-block-uagb-advanced-heading uagb-block-f3ca99db\"><p class=\"uagb-desc-text\">Notre histoire<\/p><h1 class=\"uagb-heading-text\">D\u00e9couvrez l'h\u00e9ritage de 3B International en mati\u00e8re de logistique<\/h1><\/div>\n<\/div><\/div>\n\n\n\n<div class=\"wp-block-uagb-container uagb-layout-grid uagb-block-fa1435f9 alignfull uagb-is-root-container\"><div class=\"uagb-container-inner-blocks-wrap\">\n<div class=\"wp-block-uagb-image uagb-block-e6668d8b wp-block-uagb-image--layout-default wp-block-uagb-image--effect-static wp-block-uagb-image--align-none\"><figure class=\"wp-block-uagb-image__figure\"><img decoding=\"async\" srcset=\"https:\/\/3bint.co.uk\/wp-content\/uploads\/2025\/11\/pexels-photo-7019213.jpeg ,https:\/\/3bint.co.uk\/wp-content\/uploads\/2025\/11\/pexels-photo-7019213.jpeg 780w, https:\/\/3bint.co.uk\/wp-content\/uploads\/2025\/11\/pexels-photo-7019213.jpeg 360w\" sizes=\"auto, (max-width: 480px) 150px\" src=\"https:\/\/3bint.co.uk\/wp-content\/uploads\/2025\/11\/pexels-photo-7019213.jpeg\" alt=\"A warehouse worker sorting items on shelves in an organized storage space.\" class=\"uag-image-36\" width=\"570\" height=\"500\" title=\"qui-nous-sommes\" loading=\"lazy\" role=\"img\"\/><\/figure><\/div>\n\n\n\n<div class=\"wp-block-uagb-container uagb-block-8116f50b\">\n<div class=\"wp-block-uagb-info-box uagb-block-22c66185 uagb-infobox__content-wrap  uagb-infobox-icon-above-title uagb-infobox-image-valign-top wp-block-uagb-info-box--has-margin\"><div class=\"uagb-infobox-margin-wrapper\"><div class=\"uagb-ifb-content\"><div class=\"uagb-ifb-title-wrap\"><p class=\"uagb-ifb-title-prefix\">Qui sommes-nous ?<\/p><h2 class=\"uagb-ifb-title\">Votre partenaire de confiance en mati\u00e8re de solutions logistiques globales<\/h2><\/div><p class=\"uagb-ifb-desc\">Chez 3B International, nous sommes fiers de fournir des solutions logistiques efficaces qui ont toujours d\u00e9pass\u00e9 les attentes de nos clients. Notre engagement en faveur de la qualit\u00e9 et de la pr\u00e9cision a permis de rationaliser les op\u00e9rations des entreprises dans tout le Royaume-Uni, am\u00e9liorant ainsi l'efficacit\u00e9 et la croissance de leur cha\u00eene d'approvisionnement.<\/p><\/div><\/div><\/div>\n\n\n\n<div class=\"wp-block-uagb-advanced-heading uagb-block-9c1b1a1d\"><p class=\"uagb-heading-text\">Avec plus de deux d\u00e9cennies d'exp\u00e9rience, 3B International s'est forg\u00e9 une r\u00e9putation de fiabilit\u00e9 et d'excellence dans le domaine de la logistique des tiers. Nos solutions ont aid\u00e9 nos clients \u00e0 r\u00e9duire leurs co\u00fbts, \u00e0 am\u00e9liorer leurs d\u00e9lais d'ex\u00e9cution et \u00e0 accro\u00eetre la satisfaction de leurs clients.<\/p><\/div>\n<\/div>\n<\/div><\/div>\n\n\n\n<div class=\"wp-block-uagb-container uagb-layout-grid uagb-block-7151de24 alignfull uagb-is-root-container\"><div class=\"uagb-container-inner-blocks-wrap\">\n<div class=\"wp-block-uagb-advanced-heading uagb-block-5336c70c\"><p class=\"uagb-desc-text\">Notre parcours<\/p><h2 class=\"uagb-heading-text\">Plus de 20 ans d'expertise en logistique<\/h2><\/div>\n\n\n\n<div class=\"wp-block-uagb-info-box uagb-block-37741989 uagb-infobox__content-wrap  uagb-infobox-icon-above-title uagb-infobox-image-valign-top wp-block-uagb-info-box--has-margin\"><div class=\"uagb-infobox-margin-wrapper\"><div class=\"uagb-ifb-content\"><div class=\"uagb-ifb-title-wrap\"><p class=\"uagb-ifb-title\">Fond\u00e9e en 1998 et op\u00e9rant aujourd'hui depuis Redruth, en Cornouailles, 3B International est pass\u00e9e du statut de petit fournisseur de services logistiques \u00e0 celui d'entreprise de logistique tierce de premier plan au Royaume-Uni. Au fil des ans, nous avons adopt\u00e9 les avanc\u00e9es technologiques et les meilleures pratiques en mati\u00e8re de logistique, ce qui nous a permis d'\u00e9tendre nos services et d'am\u00e9liorer les op\u00e9rations de nos clients dans le monde entier.<\/p><\/div><p class=\"uagb-ifb-desc\">Depuis sa cr\u00e9ation, 3B International s'est constitu\u00e9 une client\u00e8le fid\u00e8le en fournissant constamment des services de haute qualit\u00e9. Notre histoire refl\u00e8te notre engagement en faveur de l'innovation et de l'excellence, ce qui fait de nous un leader de confiance dans le secteur de la logistique.<\/p><\/div><\/div><\/div>\n<\/div><\/div>\n\n\n\n<div class=\"wp-block-uagb-container uagb-block-a177b11e alignfull uagb-is-root-container\"><div class=\"uagb-container-inner-blocks-wrap\">\n<div class=\"wp-block-uagb-container uagb-block-7bdfbaaf\">\n<div class=\"wp-block-uagb-advanced-heading uagb-block-b10e0589\"><h2 class=\"uagb-heading-text\">Notre mission<\/h2><p class=\"uagb-desc-text\">Fournir des solutions logistiques exceptionnelles qui favorisent la r\u00e9ussite et la satisfaction des clients gr\u00e2ce \u00e0 la fiabilit\u00e9, \u00e0 l'efficacit\u00e9 et \u00e0 une approche centr\u00e9e sur le client.<\/p><\/div>\n<\/div>\n\n\n\n<div class=\"wp-block-uagb-container uagb-block-d93f4c87\">\n<div class=\"wp-block-uagb-advanced-heading uagb-block-1c9e7d1d\"><h2 class=\"uagb-heading-text\">Nos valeurs<\/h2><p class=\"uagb-desc-text\">L'int\u00e9grit\u00e9, la collaboration et l'innovation guident nos op\u00e9rations, garantissant l'excellence de nos services tout en favorisant des partenariats durables avec nos clients.<\/p><\/div>\n<\/div>\n<\/div><\/div>\n\n\n\n<div class=\"wp-block-uagb-container uagb-block-589dc7bc alignfull uagb-is-root-container\"><div class=\"uagb-container-inner-blocks-wrap\">\n<div class=\"wp-block-uagb-advanced-heading uagb-block-047dddc0\"><p class=\"uagb-desc-text\">Rencontrer notre \u00e9quipe<\/p><h2 class=\"uagb-heading-text\">Des professionnels exp\u00e9riment\u00e9s \u00e0 votre service<\/h2><\/div>\n\n\n\n<div class=\"wp-block-uagb-container uagb-block-4309595f\">\n<div class=\"wp-block-uagb-container uagb-block-125341ba\">\n<div class=\"wp-block-uagb-image aligncenter uagb-block-900b86e7 wp-block-uagb-image--layout-default wp-block-uagb-image--effect-static wp-block-uagb-image--align-center\"><figure class=\"wp-block-uagb-image__figure\"><img decoding=\"async\" srcset=\"https:\/\/3bint.co.uk\/wp-content\/uploads\/2025\/11\/pexels-photo-4483610.jpeg ,https:\/\/3bint.co.uk\/wp-content\/uploads\/2025\/11\/pexels-photo-4483610.jpeg 780w, https:\/\/3bint.co.uk\/wp-content\/uploads\/2025\/11\/pexels-photo-4483610.jpeg 360w\" sizes=\"auto, (max-width: 480px) 150px\" src=\"https:\/\/3bint.co.uk\/wp-content\/uploads\/2025\/11\/pexels-photo-4483610.jpeg\" alt=\"Wide angle view of a warehouse with stocked shelves and boxes.\" class=\"uag-image-38\" width=\"240\" height=\"240\" title=\"\u00e9quipe-01\" loading=\"lazy\" role=\"img\"\/><\/figure><\/div>\n\n\n\n<div class=\"wp-block-uagb-advanced-heading uagb-block-92ecf845\"><p class=\"uagb-heading-text\">James Brown<\/p><p class=\"uagb-desc-text\">Directeur g\u00e9n\u00e9ral<\/p><\/div>\n<\/div>\n\n\n\n<div class=\"wp-block-uagb-container uagb-block-03455474\">\n<div class=\"wp-block-uagb-image aligncenter uagb-block-6f1d6647 wp-block-uagb-image--layout-default wp-block-uagb-image--effect-static wp-block-uagb-image--align-center\"><figure class=\"wp-block-uagb-image__figure\"><img decoding=\"async\" srcset=\"https:\/\/3bint.co.uk\/wp-content\/uploads\/2025\/11\/pexels-photo-4483775.jpeg ,https:\/\/3bint.co.uk\/wp-content\/uploads\/2025\/11\/pexels-photo-4483775.jpeg 780w, https:\/\/3bint.co.uk\/wp-content\/uploads\/2025\/11\/pexels-photo-4483775.jpeg 360w\" sizes=\"auto, (max-width: 480px) 150px\" src=\"https:\/\/3bint.co.uk\/wp-content\/uploads\/2025\/11\/pexels-photo-4483775.jpeg\" alt=\"A man walking through a large industrial warehouse with stacked shelves filled with goods and products.\" class=\"uag-image-39\" width=\"240\" height=\"240\" title=\"\u00e9quipe-03\" loading=\"lazy\" role=\"img\"\/><\/figure><\/div>\n\n\n\n<div class=\"wp-block-uagb-advanced-heading uagb-block-4b469db4\"><p class=\"uagb-heading-text\">Chris Horrocks<\/p><p class=\"uagb-desc-text\">Directeur des op\u00e9rations<\/p><\/div>\n<\/div>\n<\/div>\n<\/div><\/div>\n\n\n\n<div class=\"wp-block-uagb-container uagb-block-82f7e11c alignfull uagb-is-root-container\"><div class=\"uagb-container-inner-blocks-wrap\">\n<div class=\"wp-block-uagb-info-box uagb-block-29a068cf uagb-infobox__content-wrap  uagb-infobox-icon-above-title uagb-infobox-image-valign-top\"><div class=\"uagb-ifb-content\"><div class=\"uagb-ifb-title-wrap\"><span class=\"uagb-ifb-title-prefix\">Pr\u00eat \u00e0 commencer ?<\/span><h2 class=\"uagb-ifb-title\">Prenez contact avec nous et am\u00e9liorez votre strat\u00e9gie logistique d\u00e8s aujourd'hui !<\/h2><\/div><p class=\"uagb-ifb-desc\">Prenez contact avec nous pour d\u00e9couvrir comment nos solutions sur mesure peuvent rationaliser votre logistique et am\u00e9liorer l'efficacit\u00e9 de votre entreprise.<\/p><div class=\"uagb-ifb-button-wrapper wp-block-button\"><a href=\"\/fr\/contact\/\" class=\"uagb-infobox-cta-link wp-block-button__link\" target=\"_self\" rel=\"noopener noreferrer\" onclick=\"return true;\"><span class=\"uagb-inline-editing\">Commencer<\/span><\/a><\/div><\/div><\/div>\n<\/div><\/div>","protected":false},"excerpt":{"rendered":"<p>Notre histoire D\u00e9couvrez l'h\u00e9ritage de 3B International en mati\u00e8re de logistique Avec plus de deux d\u00e9cennies d'exp\u00e9rience, 3B International s'est forg\u00e9 une r\u00e9putation [...]<\/p>","protected":false},"author":1,"featured_media":0,"parent":0,"menu_order":0,"comment_status":"closed","ping_status":"closed","template":"","meta":{"_uag_custom_page_level_css":"","site-sidebar-layout":"default","site-content-layout":"","ast-site-content-layout":"default","site-content-style":"default","site-sidebar-style":"default","ast-global-header-display":"","ast-banner-title-visibility":"","ast-main-header-display":"","ast-hfb-above-header-display":"","ast-hfb-below-header-display":"","ast-hfb-mobile-header-display":"","site-post-title":"disabled","ast-breadcrumbs-content":"","ast-featured-img":"","footer-sml-layout":"","theme-transparent-header-meta":"","adv-header-id-meta":"","stick-header-meta":"","header-above-stick-meta":"","header-main-stick-meta":"","header-below-stick-meta":"","astra-migrate-meta-layouts":"default","ast-page-background-enabled":"default","ast-page-background-meta":{"desktop":{"background-color":"var(--ast-global-color-4)","background-image":"","background-repeat":"repeat","background-position":"center center","background-size":"auto","background-attachment":"scroll","background-type":"","background-media":"","overlay-type":"","overlay-color":"","overlay-opacity":"","overlay-gradient":""},"tablet":{"background-color":"","background-image":"","background-repeat":"repeat","background-position":"center center","background-size":"auto","background-attachment":"scroll","background-type":"","background-media":"","overlay-type":"","overlay-color":"","overlay-opacity":"","overlay-gradient":""},"mobile":{"background-color":"","background-image":"","background-repeat":"repeat","background-position":"center center","background-size":"auto","background-attachment":"scroll","background-type":"","background-media":"","overlay-type":"","overlay-color":"","overlay-opacity":"","overlay-gradient":""}},"ast-content-background-meta":{"desktop":{"background-color":"var(--ast-global-color-5)","background-image":"","background-repeat":"repeat","background-position":"center center","background-size":"auto","background-attachment":"scroll","background-type":"","background-media":"","overlay-type":"","overlay-color":"","overlay-opacity":"","overlay-gradient":""},"tablet":{"background-color":"var(--ast-global-color-5)","background-image":"","background-repeat":"repeat","background-position":"center center","background-size":"auto","background-attachment":"scroll","background-type":"","background-media":"","overlay-type":"","overlay-color":"","overlay-opacity":"","overlay-gradient":""},"mobile":{"background-color":"var(--ast-global-color-5)","background-image":"","background-repeat":"repeat","background-position":"center center","background-size":"auto","background-attachment":"scroll","background-type":"","background-media":"","overlay-type":"","overlay-color":"","overlay-opacity":"","overlay-gradient":""}},"footnotes":""},"class_list":["post-139","page","type-page","status-publish","hentry"],"uagb_featured_image_src":{"full":false,"thumbnail":false,"medium":false,"medium_large":false,"large":false,"1536x1536":false,"2048x2048":false,"trp-custom-language-flag":false},"uagb_author_info":{"display_name":"admin","author_link":"https:\/\/3bint.co.uk\/fr\/author\/bintco\/"},"uagb_comment_info":0,"uagb_excerpt":"Our Story Discover 3B International\u2019s Legacy in Logistics With over two decades of experience, 3B International has established a reputation [&hellip;]","_links":{"self":[{"href":"https:\/\/3bint.co.uk\/fr\/wp-json\/wp\/v2\/pages\/139","targetHints":{"allow":["GET"]}}],"collection":[{"href":"https:\/\/3bint.co.uk\/fr\/wp-json\/wp\/v2\/pages"}],"about":[{"href":"https:\/\/3bint.co.uk\/fr\/wp-json\/wp\/v2\/types\/page"}],"author":[{"embeddable":true,"href":"https:\/\/3bint.co.uk\/fr\/wp-json\/wp\/v2\/users\/1"}],"replies":[{"embeddable":true,"href":"https:\/\/3bint.co.uk\/fr\/wp-json\/wp\/v2\/comments?post=139"}],"version-history":[{"count":6,"href":"https:\/\/3bint.co.uk\/fr\/wp-json\/wp\/v2\/pages\/139\/revisions"}],"predecessor-version":[{"id":290,"href":"https:\/\/3bint.co.uk\/fr\/wp-json\/wp\/v2\/pages\/139\/revisions\/290"}],"wp:attachment":[{"href":"https:\/\/3bint.co.uk\/fr\/wp-json\/wp\/v2\/media?parent=139"}],"curies":[{"name":"wp","href":"https:\/\/api.w.org\/{rel}","templated":true}]}}