{"id":140,"date":"2025-11-15T11:55:45","date_gmt":"2025-11-15T11:55:45","guid":{"rendered":"https:\/\/3bint.co.uk\/index.php\/services\/"},"modified":"2025-11-15T11:56:18","modified_gmt":"2025-11-15T11:56:18","slug":"services","status":"publish","type":"page","link":"https:\/\/3bint.co.uk\/es\/services\/","title":{"rendered":"Servicios"},"content":{"rendered":"<div class=\"wp-block-uagb-container uagb-block-398cb9f6 alignfull uagb-is-root-container\"><div class=\"uagb-container-inner-blocks-wrap\">\n<div class=\"wp-block-uagb-advanced-heading uagb-block-f3ca99db\"><p class=\"uagb-desc-text\">Soluciones integrales<\/p><h1 class=\"uagb-heading-text\">Servicios log\u00edsticos fiables para su empresa<\/h1><\/div>\n<\/div><\/div>\n\n\n\n<div class=\"wp-block-uagb-container uagb-layout-grid uagb-block-fa1435f9 alignfull uagb-is-root-container\"><div class=\"uagb-container-inner-blocks-wrap\">\n<div class=\"wp-block-uagb-image uagb-block-e6668d8b wp-block-uagb-image--layout-default wp-block-uagb-image--effect-static wp-block-uagb-image--align-none\"><figure class=\"wp-block-uagb-image__figure\"><img decoding=\"async\" srcset=\"https:\/\/3bint.co.uk\/wp-content\/uploads\/2025\/11\/pexels-photo-4483775.jpeg ,https:\/\/3bint.co.uk\/wp-content\/uploads\/2025\/11\/pexels-photo-4483775.jpeg 780w, https:\/\/3bint.co.uk\/wp-content\/uploads\/2025\/11\/pexels-photo-4483775.jpeg 360w\" sizes=\"auto, (max-width: 480px) 150px\" src=\"https:\/\/3bint.co.uk\/wp-content\/uploads\/2025\/11\/pexels-photo-4483775.jpeg\" alt=\"A man walking through a large industrial warehouse with stacked shelves filled with goods and products.\" class=\"uag-image-39\" width=\"570\" height=\"450\" title=\"servicios-01\" loading=\"lazy\" role=\"img\"\/><\/figure><\/div>\n\n\n\n<div class=\"wp-block-uagb-info-box uagb-block-22c66185 uagb-infobox__content-wrap  uagb-infobox-icon-above-title uagb-infobox-image-valign-top\"><div class=\"uagb-ifb-content\"><div class=\"uagb-ifb-title-wrap\"><h2 class=\"uagb-ifb-title-prefix\">01.<\/h2><h3 class=\"uagb-ifb-title\">Servicios de cumplimiento<\/h3><\/div><p class=\"uagb-ifb-desc\">Nuestros Servicios de Cumplimiento ofrecen un enfoque racionalizado de la gesti\u00f3n de inventarios y la tramitaci\u00f3n de pedidos. Con tecnolog\u00eda de vanguardia, garantizamos entregas de pedidos puntuales y precisas, adaptadas a las necesidades espec\u00edficas de cada cliente. Conf\u00ede en nuestro comprometido equipo para mejorar la eficiencia de su cadena de suministro y la satisfacci\u00f3n de sus clientes.<\/p><\/div><\/div>\n<\/div><\/div>\n\n\n\n<div class=\"wp-block-uagb-container uagb-layout-grid uagb-block-9b2ca079 alignfull uagb-is-root-container\"><div class=\"uagb-container-inner-blocks-wrap\">\n<div class=\"wp-block-uagb-info-box uagb-block-cbb9d937 uagb-infobox__content-wrap  uagb-infobox-icon-above-title uagb-infobox-image-valign-top\"><div class=\"uagb-ifb-content\"><div class=\"uagb-ifb-title-wrap\"><h2 class=\"uagb-ifb-title-prefix\">02.<\/h2><h3 class=\"uagb-ifb-title\">Servicios mundiales de mensajer\u00eda<\/h3><\/div><p class=\"uagb-ifb-desc\">Nuestros servicios de mensajer\u00eda mundial ofrecen opciones de env\u00edo r\u00e1pidas y fiables adaptadas a empresas de todos los tama\u00f1os. Estamos especializados en log\u00edstica de destino, garantizando que sus paquetes lleguen a su destino final de forma segura y puntual. Con nuestra amplia red, puede estar seguro de que sus env\u00edos se gestionan con cuidado y eficacia.<\/p><\/div><\/div>\n\n\n\n<div class=\"wp-block-uagb-image uagb-block-7af7b4bf wp-block-uagb-image--layout-default wp-block-uagb-image--effect-static wp-block-uagb-image--align-none\"><figure class=\"wp-block-uagb-image__figure\"><img decoding=\"async\" srcset=\"https:\/\/3bint.co.uk\/wp-content\/uploads\/2025\/11\/pexels-photo-7309941.jpeg ,https:\/\/3bint.co.uk\/wp-content\/uploads\/2025\/11\/pexels-photo-7309941.jpeg 780w, https:\/\/3bint.co.uk\/wp-content\/uploads\/2025\/11\/pexels-photo-7309941.jpeg 360w\" sizes=\"auto, (max-width: 480px) 150px\" src=\"https:\/\/3bint.co.uk\/wp-content\/uploads\/2025\/11\/pexels-photo-7309941.jpeg\" alt=\"Open cardboard box with packing peanuts and hand placing patterned item.\" class=\"uag-image-40\" width=\"570\" height=\"450\" title=\"servicios-02\" loading=\"lazy\" role=\"img\"\/><\/figure><\/div>\n<\/div><\/div>\n\n\n\n<div class=\"wp-block-uagb-container uagb-layout-grid uagb-block-01d2b17b alignfull uagb-is-root-container\"><div class=\"uagb-container-inner-blocks-wrap\">\n<div class=\"wp-block-uagb-image uagb-block-7628e631 wp-block-uagb-image--layout-default wp-block-uagb-image--effect-static wp-block-uagb-image--align-none\"><figure class=\"wp-block-uagb-image__figure\"><img decoding=\"async\" srcset=\"https:\/\/3bint.co.uk\/wp-content\/uploads\/2025\/11\/pexels-photo-6169020.jpeg ,https:\/\/3bint.co.uk\/wp-content\/uploads\/2025\/11\/pexels-photo-6169020.jpeg 780w, https:\/\/3bint.co.uk\/wp-content\/uploads\/2025\/11\/pexels-photo-6169020.jpeg 360w\" sizes=\"auto, (max-width: 480px) 150px\" src=\"https:\/\/3bint.co.uk\/wp-content\/uploads\/2025\/11\/pexels-photo-6169020.jpeg\" alt=\"Organized cardboard boxes labeled &#039;Fragile&#039; in warehouse setting for shipping and logistics.\" class=\"uag-image-41\" width=\"570\" height=\"450\" title=\"servicios-03\" loading=\"lazy\" role=\"img\"\/><\/figure><\/div>\n\n\n\n<div class=\"wp-block-uagb-info-box uagb-block-97b889c1 uagb-infobox__content-wrap  uagb-infobox-icon-above-title uagb-infobox-image-valign-top\"><div class=\"uagb-ifb-content\"><div class=\"uagb-ifb-title-wrap\"><h2 class=\"uagb-ifb-title-prefix\">03.<\/h2><h3 class=\"uagb-ifb-title\">Soluciones de comercio electr\u00f3nico<\/h3><\/div><p class=\"uagb-ifb-desc\">Nuestras soluciones de comercio electr\u00f3nico est\u00e1n dise\u00f1adas para apoyar a los minoristas en l\u00ednea con servicios log\u00edsticos integrales. Desde el almacenamiento hasta la entrega en la \u00faltima milla, adaptamos nuestras soluciones a su modelo de negocio. Nuestra experiencia garantiza una experiencia de compra perfecta para sus clientes y operaciones simplificadas para su negocio.<\/p><\/div><\/div>\n<\/div><\/div>\n\n\n\n<div class=\"wp-block-uagb-container uagb-layout-grid uagb-block-c2a58bf8 alignfull uagb-is-root-container\"><div class=\"uagb-container-inner-blocks-wrap\">\n<div class=\"wp-block-uagb-info-box uagb-block-fafce59f uagb-infobox__content-wrap  uagb-infobox-icon-above-title uagb-infobox-image-valign-top\"><div class=\"uagb-ifb-content\"><div class=\"uagb-ifb-title-wrap\"><h2 class=\"uagb-ifb-title-prefix\">04.<\/h2><h3 class=\"uagb-ifb-title\">Despacho de aduanas<\/h3><\/div><p class=\"uagb-ifb-desc\">Navegar por la normativa aduanera puede ser complejo, pero nuestro servicio de despacho de aduanas le simplifica el proceso. Nuestro experimentado equipo trabaja con diligencia para garantizar el cumplimiento de todos los requisitos legales, minimizando los retrasos y asegurando un tr\u00e1nsito fluido de sus mercanc\u00edas a trav\u00e9s de las fronteras. Cuente con nosotros para gestionar el papeleo y poder centrarse en su actividad principal.<\/p><\/div><\/div>\n\n\n\n<div class=\"wp-block-uagb-image uagb-block-166f80e7 wp-block-uagb-image--layout-default wp-block-uagb-image--effect-static wp-block-uagb-image--align-none\"><figure class=\"wp-block-uagb-image__figure\"><img decoding=\"async\" srcset=\"https:\/\/3bint.co.uk\/wp-content\/uploads\/2025\/11\/pexels-photo-6169669.jpeg ,https:\/\/3bint.co.uk\/wp-content\/uploads\/2025\/11\/pexels-photo-6169669.jpeg 780w, https:\/\/3bint.co.uk\/wp-content\/uploads\/2025\/11\/pexels-photo-6169669.jpeg 360w\" sizes=\"auto, (max-width: 480px) 150px\" src=\"https:\/\/3bint.co.uk\/wp-content\/uploads\/2025\/11\/pexels-photo-6169669.jpeg\" alt=\"A variety of cardboard boxes labeled &#039;fragile&#039; stacked in a vehicle for shipping or storage.\" class=\"uag-image-42\" width=\"570\" height=\"450\" title=\"servicios-04\" loading=\"lazy\" role=\"img\"\/><\/figure><\/div>\n<\/div><\/div>\n\n\n\n<div class=\"wp-block-uagb-container uagb-block-589dc7bc alignfull uagb-is-root-container\"><div class=\"uagb-container-inner-blocks-wrap\">\n<div class=\"wp-block-uagb-advanced-heading uagb-block-047dddc0\"><p class=\"uagb-desc-text\">Nuestro proceso<\/p><h2 class=\"uagb-heading-text\">Log\u00edstica racionalizada para una m\u00e1xima eficacia<\/h2><\/div>\n\n\n\n<div class=\"wp-block-uagb-container uagb-block-a7112b30\">\n<div class=\"wp-block-uagb-container uagb-block-fd4dfe74\">\n<div class=\"wp-block-uagb-info-box uagb-block-67ae5678 uagb-infobox__content-wrap  uagb-infobox-icon-above-title uagb-infobox-image-valign-top\"><div class=\"uagb-ifb-content\"><div class=\"uagb-ifb-title-wrap\"><span class=\"uagb-ifb-title-prefix\">PASO-01<\/span><h3 class=\"uagb-ifb-title\">Evaluaci\u00f3n<\/h3><\/div><p class=\"uagb-ifb-desc\">Evaluamos sus necesidades log\u00edsticas para adaptar nuestros servicios con eficacia.<\/p><\/div><\/div>\n<\/div>\n\n\n\n<div class=\"wp-block-uagb-container uagb-block-adfe2a50\">\n<div class=\"wp-block-uagb-info-box uagb-block-93f710a6 uagb-infobox__content-wrap  uagb-infobox-icon-above-title uagb-infobox-image-valign-top\"><div class=\"uagb-ifb-content\"><div class=\"uagb-ifb-title-wrap\"><span class=\"uagb-ifb-title-prefix\">PASO-02<\/span><h3 class=\"uagb-ifb-title\">Aplicaci\u00f3n<\/h3><\/div><p class=\"uagb-ifb-desc\">Nuestro equipo ejecuta el plan log\u00edstico con precisi\u00f3n y esmero.<\/p><\/div><\/div>\n<\/div>\n\n\n\n<div class=\"wp-block-uagb-container uagb-block-a3fffeef\">\n<div class=\"wp-block-uagb-info-box uagb-block-84c030e1 uagb-infobox__content-wrap  uagb-infobox-icon-above-title uagb-infobox-image-valign-top\"><div class=\"uagb-ifb-content\"><div class=\"uagb-ifb-title-wrap\"><span class=\"uagb-ifb-title-prefix\">PASO-03<\/span><h3 class=\"uagb-ifb-title\">Comentarios<\/h3><\/div><p class=\"uagb-ifb-desc\">Evaluamos continuamente los resultados e introducimos mejoras en funci\u00f3n de las aportaciones.<\/p><\/div><\/div>\n<\/div>\n<\/div>\n<\/div><\/div>\n\n\n\n<div class=\"wp-block-uagb-container uagb-block-82f7e11c alignfull uagb-is-root-container\"><div class=\"uagb-container-inner-blocks-wrap\">\n<div class=\"wp-block-uagb-info-box uagb-block-29a068cf uagb-infobox__content-wrap  uagb-infobox-icon-above-title uagb-infobox-image-valign-top\"><div class=\"uagb-ifb-content\"><div class=\"uagb-ifb-title-wrap\"><span class=\"uagb-ifb-title-prefix\">\u00bfListo para empezar?<\/span><h2 class=\"uagb-ifb-title\">P\u00f3ngase en contacto con nosotros y mejore su estrategia log\u00edstica hoy mismo.<\/h2><\/div><p class=\"uagb-ifb-desc\">P\u00f3ngase en contacto con nosotros para descubrir c\u00f3mo nuestras soluciones a medida pueden agilizar su log\u00edstica y mejorar la eficiencia de su empresa.<\/p><div class=\"uagb-ifb-button-wrapper wp-block-button\"><a href=\"\/es\/contact\/\" class=\"uagb-infobox-cta-link wp-block-button__link\" target=\"_self\" rel=\"noopener noreferrer\" onclick=\"return true;\"><span class=\"uagb-inline-editing\">Comenzar<\/span><\/a><\/div><\/div><\/div>\n<\/div><\/div>","protected":false},"excerpt":{"rendered":"<p>Soluciones integrales Servicios log\u00edsticos fiables para su empresa Nuestro proceso Log\u00edstica racionalizada para una m\u00e1xima eficacia<\/p>","protected":false},"author":1,"featured_media":0,"parent":0,"menu_order":0,"comment_status":"closed","ping_status":"closed","template":"","meta":{"_uag_custom_page_level_css":"","site-sidebar-layout":"default","site-content-layout":"","ast-site-content-layout":"default","site-content-style":"default","site-sidebar-style":"default","ast-global-header-display":"","ast-banner-title-visibility":"","ast-main-header-display":"","ast-hfb-above-header-display":"","ast-hfb-below-header-display":"","ast-hfb-mobile-header-display":"","site-post-title":"disabled","ast-breadcrumbs-content":"","ast-featured-img":"","footer-sml-layout":"","theme-transparent-header-meta":"","adv-header-id-meta":"","stick-header-meta":"","header-above-stick-meta":"","header-main-stick-meta":"","header-below-stick-meta":"","astra-migrate-meta-layouts":"default","ast-page-background-enabled":"default","ast-page-background-meta":{"desktop":{"background-color":"var(--ast-global-color-4)","background-image":"","background-repeat":"repeat","background-position":"center center","background-size":"auto","background-attachment":"scroll","background-type":"","background-media":"","overlay-type":"","overlay-color":"","overlay-opacity":"","overlay-gradient":""},"tablet":{"background-color":"","background-image":"","background-repeat":"repeat","background-position":"center center","background-size":"auto","background-attachment":"scroll","background-type":"","background-media":"","overlay-type":"","overlay-color":"","overlay-opacity":"","overlay-gradient":""},"mobile":{"background-color":"","background-image":"","background-repeat":"repeat","background-position":"center center","background-size":"auto","background-attachment":"scroll","background-type":"","background-media":"","overlay-type":"","overlay-color":"","overlay-opacity":"","overlay-gradient":""}},"ast-content-background-meta":{"desktop":{"background-color":"var(--ast-global-color-5)","background-image":"","background-repeat":"repeat","background-position":"center center","background-size":"auto","background-attachment":"scroll","background-type":"","background-media":"","overlay-type":"","overlay-color":"","overlay-opacity":"","overlay-gradient":""},"tablet":{"background-color":"var(--ast-global-color-5)","background-image":"","background-repeat":"repeat","background-position":"center center","background-size":"auto","background-attachment":"scroll","background-type":"","background-media":"","overlay-type":"","overlay-color":"","overlay-opacity":"","overlay-gradient":""},"mobile":{"background-color":"var(--ast-global-color-5)","background-image":"","background-repeat":"repeat","background-position":"center center","background-size":"auto","background-attachment":"scroll","background-type":"","background-media":"","overlay-type":"","overlay-color":"","overlay-opacity":"","overlay-gradient":""}},"footnotes":""},"class_list":["post-140","page","type-page","status-publish","hentry"],"uagb_featured_image_src":{"full":false,"thumbnail":false,"medium":false,"medium_large":false,"large":false,"1536x1536":false,"2048x2048":false,"trp-custom-language-flag":false},"uagb_author_info":{"display_name":"admin","author_link":"https:\/\/3bint.co.uk\/es\/author\/bintco\/"},"uagb_comment_info":0,"uagb_excerpt":"Comprehensive Solutions Reliable Logistics Services for Your Business Our Process Streamlined Logistics for Maximum Efficiency","_links":{"self":[{"href":"https:\/\/3bint.co.uk\/es\/wp-json\/wp\/v2\/pages\/140","targetHints":{"allow":["GET"]}}],"collection":[{"href":"https:\/\/3bint.co.uk\/es\/wp-json\/wp\/v2\/pages"}],"about":[{"href":"https:\/\/3bint.co.uk\/es\/wp-json\/wp\/v2\/types\/page"}],"author":[{"embeddable":true,"href":"https:\/\/3bint.co.uk\/es\/wp-json\/wp\/v2\/users\/1"}],"replies":[{"embeddable":true,"href":"https:\/\/3bint.co.uk\/es\/wp-json\/wp\/v2\/comments?post=140"}],"version-history":[{"count":3,"href":"https:\/\/3bint.co.uk\/es\/wp-json\/wp\/v2\/pages\/140\/revisions"}],"predecessor-version":[{"id":279,"href":"https:\/\/3bint.co.uk\/es\/wp-json\/wp\/v2\/pages\/140\/revisions\/279"}],"wp:attachment":[{"href":"https:\/\/3bint.co.uk\/es\/wp-json\/wp\/v2\/media?parent=140"}],"curies":[{"name":"wp","href":"https:\/\/api.w.org\/{rel}","templated":true}]}}