{"id":139,"date":"2025-11-15T11:55:44","date_gmt":"2025-11-15T11:55:44","guid":{"rendered":"https:\/\/3bint.co.uk\/index.php\/about\/"},"modified":"2025-11-15T15:42:10","modified_gmt":"2025-11-15T15:42:10","slug":"about","status":"publish","type":"page","link":"https:\/\/3bint.co.uk\/es\/about\/","title":{"rendered":"Acerca de"},"content":{"rendered":"<div class=\"wp-block-uagb-container uagb-block-398cb9f6 alignfull uagb-is-root-container\"><div class=\"uagb-container-inner-blocks-wrap\">\n<div class=\"wp-block-uagb-advanced-heading uagb-block-f3ca99db\"><p class=\"uagb-desc-text\">Nuestra historia<\/p><h1 class=\"uagb-heading-text\">Descubra el legado de 3B International en log\u00edstica<\/h1><\/div>\n<\/div><\/div>\n\n\n\n<div class=\"wp-block-uagb-container uagb-layout-grid uagb-block-fa1435f9 alignfull uagb-is-root-container\"><div class=\"uagb-container-inner-blocks-wrap\">\n<div class=\"wp-block-uagb-image uagb-block-e6668d8b wp-block-uagb-image--layout-default wp-block-uagb-image--effect-static wp-block-uagb-image--align-none\"><figure class=\"wp-block-uagb-image__figure\"><img decoding=\"async\" srcset=\"https:\/\/3bint.co.uk\/wp-content\/uploads\/2025\/11\/pexels-photo-7019213.jpeg ,https:\/\/3bint.co.uk\/wp-content\/uploads\/2025\/11\/pexels-photo-7019213.jpeg 780w, https:\/\/3bint.co.uk\/wp-content\/uploads\/2025\/11\/pexels-photo-7019213.jpeg 360w\" sizes=\"auto, (max-width: 480px) 150px\" src=\"https:\/\/3bint.co.uk\/wp-content\/uploads\/2025\/11\/pexels-photo-7019213.jpeg\" alt=\"A warehouse worker sorting items on shelves in an organized storage space.\" class=\"uag-image-36\" width=\"570\" height=\"500\" title=\"qui\u00e9nes somos\" loading=\"lazy\" role=\"img\"\/><\/figure><\/div>\n\n\n\n<div class=\"wp-block-uagb-container uagb-block-8116f50b\">\n<div class=\"wp-block-uagb-info-box uagb-block-22c66185 uagb-infobox__content-wrap  uagb-infobox-icon-above-title uagb-infobox-image-valign-top wp-block-uagb-info-box--has-margin\"><div class=\"uagb-infobox-margin-wrapper\"><div class=\"uagb-ifb-content\"><div class=\"uagb-ifb-title-wrap\"><p class=\"uagb-ifb-title-prefix\">Qui\u00e9nes somos<\/p><h2 class=\"uagb-ifb-title\">Su socio de confianza en soluciones log\u00edsticas globales<\/h2><\/div><p class=\"uagb-ifb-desc\">En 3B International, nos enorgullecemos de ofrecer soluciones log\u00edsticas eficientes que han superado sistem\u00e1ticamente las expectativas de nuestros clientes. Nuestro compromiso con la calidad y la precisi\u00f3n ha permitido agilizar las operaciones de empresas de todo el Reino Unido, mejorando la eficacia y el crecimiento de su cadena de suministro.<\/p><\/div><\/div><\/div>\n\n\n\n<div class=\"wp-block-uagb-advanced-heading uagb-block-9c1b1a1d\"><p class=\"uagb-heading-text\">Con m\u00e1s de dos d\u00e9cadas de experiencia, 3B International se ha forjado una reputaci\u00f3n de fiabilidad y excelencia en log\u00edstica de terceros. Nuestras soluciones han ayudado a los clientes a reducir costes, mejorar los plazos de entrega y aumentar la satisfacci\u00f3n del cliente.<\/p><\/div>\n<\/div>\n<\/div><\/div>\n\n\n\n<div class=\"wp-block-uagb-container uagb-layout-grid uagb-block-7151de24 alignfull uagb-is-root-container\"><div class=\"uagb-container-inner-blocks-wrap\">\n<div class=\"wp-block-uagb-advanced-heading uagb-block-5336c70c\"><p class=\"uagb-desc-text\">Nuestro viaje<\/p><h2 class=\"uagb-heading-text\">M\u00e1s de 20 a\u00f1os de experiencia en log\u00edstica<\/h2><\/div>\n\n\n\n<div class=\"wp-block-uagb-info-box uagb-block-37741989 uagb-infobox__content-wrap  uagb-infobox-icon-above-title uagb-infobox-image-valign-top wp-block-uagb-info-box--has-margin\"><div class=\"uagb-infobox-margin-wrapper\"><div class=\"uagb-ifb-content\"><div class=\"uagb-ifb-title-wrap\"><p class=\"uagb-ifb-title\">Fundada en 1998 y con sede en Redruth (Cornualles), 3B International ha pasado de ser un peque\u00f1o proveedor log\u00edstico a convertirse en una empresa l\u00edder de log\u00edstica de terceros en el Reino Unido. A lo largo de los a\u00f1os, hemos adoptado los avances tecnol\u00f3gicos y las mejores pr\u00e1cticas en log\u00edstica, lo que nos ha permitido ampliar nuestros servicios y mejorar las operaciones de nuestros clientes en todo el mundo.<\/p><\/div><p class=\"uagb-ifb-desc\">Desde su creaci\u00f3n, 3B International ha creado una base de clientes fieles mediante la prestaci\u00f3n constante de servicios de alta calidad. Nuestra historia refleja nuestro compromiso con la innovaci\u00f3n y la excelencia, lo que nos convierte en un l\u00edder de confianza en el sector de la log\u00edstica.<\/p><\/div><\/div><\/div>\n<\/div><\/div>\n\n\n\n<div class=\"wp-block-uagb-container uagb-block-a177b11e alignfull uagb-is-root-container\"><div class=\"uagb-container-inner-blocks-wrap\">\n<div class=\"wp-block-uagb-container uagb-block-7bdfbaaf\">\n<div class=\"wp-block-uagb-advanced-heading uagb-block-b10e0589\"><h2 class=\"uagb-heading-text\">Nuestra misi\u00f3n<\/h2><p class=\"uagb-desc-text\">Proporcionar soluciones log\u00edsticas excepcionales que impulsen el \u00e9xito y la satisfacci\u00f3n del cliente a trav\u00e9s de la fiabilidad, la eficiencia y un enfoque centrado en el cliente.<\/p><\/div>\n<\/div>\n\n\n\n<div class=\"wp-block-uagb-container uagb-block-d93f4c87\">\n<div class=\"wp-block-uagb-advanced-heading uagb-block-1c9e7d1d\"><h2 class=\"uagb-heading-text\">Nuestros valores<\/h2><p class=\"uagb-desc-text\">La integridad, la colaboraci\u00f3n y la innovaci\u00f3n gu\u00edan nuestras operaciones, garantizando que mantenemos la excelencia en el servicio a la vez que fomentamos asociaciones duraderas con nuestros clientes.<\/p><\/div>\n<\/div>\n<\/div><\/div>\n\n\n\n<div class=\"wp-block-uagb-container uagb-block-589dc7bc alignfull uagb-is-root-container\"><div class=\"uagb-container-inner-blocks-wrap\">\n<div class=\"wp-block-uagb-advanced-heading uagb-block-047dddc0\"><p class=\"uagb-desc-text\">Conoce a nuestro equipo<\/p><h2 class=\"uagb-heading-text\">Profesionales con experiencia a su servicio<\/h2><\/div>\n\n\n\n<div class=\"wp-block-uagb-container uagb-block-4309595f\">\n<div class=\"wp-block-uagb-container uagb-block-125341ba\">\n<div class=\"wp-block-uagb-image aligncenter uagb-block-900b86e7 wp-block-uagb-image--layout-default wp-block-uagb-image--effect-static wp-block-uagb-image--align-center\"><figure class=\"wp-block-uagb-image__figure\"><img decoding=\"async\" srcset=\"https:\/\/3bint.co.uk\/wp-content\/uploads\/2025\/11\/pexels-photo-4483610.jpeg ,https:\/\/3bint.co.uk\/wp-content\/uploads\/2025\/11\/pexels-photo-4483610.jpeg 780w, https:\/\/3bint.co.uk\/wp-content\/uploads\/2025\/11\/pexels-photo-4483610.jpeg 360w\" sizes=\"auto, (max-width: 480px) 150px\" src=\"https:\/\/3bint.co.uk\/wp-content\/uploads\/2025\/11\/pexels-photo-4483610.jpeg\" alt=\"Wide angle view of a warehouse with stocked shelves and boxes.\" class=\"uag-image-38\" width=\"240\" height=\"240\" title=\"equipo-01\" loading=\"lazy\" role=\"img\"\/><\/figure><\/div>\n\n\n\n<div class=\"wp-block-uagb-advanced-heading uagb-block-92ecf845\"><p class=\"uagb-heading-text\">James Brown<\/p><p class=\"uagb-desc-text\">Director General<\/p><\/div>\n<\/div>\n\n\n\n<div class=\"wp-block-uagb-container uagb-block-03455474\">\n<div class=\"wp-block-uagb-image aligncenter uagb-block-6f1d6647 wp-block-uagb-image--layout-default wp-block-uagb-image--effect-static wp-block-uagb-image--align-center\"><figure class=\"wp-block-uagb-image__figure\"><img decoding=\"async\" srcset=\"https:\/\/3bint.co.uk\/wp-content\/uploads\/2025\/11\/pexels-photo-4483775.jpeg ,https:\/\/3bint.co.uk\/wp-content\/uploads\/2025\/11\/pexels-photo-4483775.jpeg 780w, https:\/\/3bint.co.uk\/wp-content\/uploads\/2025\/11\/pexels-photo-4483775.jpeg 360w\" sizes=\"auto, (max-width: 480px) 150px\" src=\"https:\/\/3bint.co.uk\/wp-content\/uploads\/2025\/11\/pexels-photo-4483775.jpeg\" alt=\"A man walking through a large industrial warehouse with stacked shelves filled with goods and products.\" class=\"uag-image-39\" width=\"240\" height=\"240\" title=\"equipo-03\" loading=\"lazy\" role=\"img\"\/><\/figure><\/div>\n\n\n\n<div class=\"wp-block-uagb-advanced-heading uagb-block-4b469db4\"><p class=\"uagb-heading-text\">Chris Horrocks<\/p><p class=\"uagb-desc-text\">Director de operaciones<\/p><\/div>\n<\/div>\n<\/div>\n<\/div><\/div>\n\n\n\n<div class=\"wp-block-uagb-container uagb-block-82f7e11c alignfull uagb-is-root-container\"><div class=\"uagb-container-inner-blocks-wrap\">\n<div class=\"wp-block-uagb-info-box uagb-block-29a068cf uagb-infobox__content-wrap  uagb-infobox-icon-above-title uagb-infobox-image-valign-top\"><div class=\"uagb-ifb-content\"><div class=\"uagb-ifb-title-wrap\"><span class=\"uagb-ifb-title-prefix\">\u00bfListo para empezar?<\/span><h2 class=\"uagb-ifb-title\">P\u00f3ngase en contacto con nosotros y mejore su estrategia log\u00edstica hoy mismo.<\/h2><\/div><p class=\"uagb-ifb-desc\">P\u00f3ngase en contacto con nosotros para descubrir c\u00f3mo nuestras soluciones a medida pueden agilizar su log\u00edstica y mejorar la eficiencia de su empresa.<\/p><div class=\"uagb-ifb-button-wrapper wp-block-button\"><a href=\"\/es\/contact\/\" class=\"uagb-infobox-cta-link wp-block-button__link\" target=\"_self\" rel=\"noopener noreferrer\" onclick=\"return true;\"><span class=\"uagb-inline-editing\">Comenzar<\/span><\/a><\/div><\/div><\/div>\n<\/div><\/div>","protected":false},"excerpt":{"rendered":"<p>Nuestra historia Descubra el legado de 3B International en log\u00edstica Con m\u00e1s de dos d\u00e9cadas de experiencia, 3B International se ha labrado una reputaci\u00f3n [...]<\/p>","protected":false},"author":1,"featured_media":0,"parent":0,"menu_order":0,"comment_status":"closed","ping_status":"closed","template":"","meta":{"_uag_custom_page_level_css":"","site-sidebar-layout":"default","site-content-layout":"","ast-site-content-layout":"default","site-content-style":"default","site-sidebar-style":"default","ast-global-header-display":"","ast-banner-title-visibility":"","ast-main-header-display":"","ast-hfb-above-header-display":"","ast-hfb-below-header-display":"","ast-hfb-mobile-header-display":"","site-post-title":"disabled","ast-breadcrumbs-content":"","ast-featured-img":"","footer-sml-layout":"","theme-transparent-header-meta":"","adv-header-id-meta":"","stick-header-meta":"","header-above-stick-meta":"","header-main-stick-meta":"","header-below-stick-meta":"","astra-migrate-meta-layouts":"default","ast-page-background-enabled":"default","ast-page-background-meta":{"desktop":{"background-color":"var(--ast-global-color-4)","background-image":"","background-repeat":"repeat","background-position":"center center","background-size":"auto","background-attachment":"scroll","background-type":"","background-media":"","overlay-type":"","overlay-color":"","overlay-opacity":"","overlay-gradient":""},"tablet":{"background-color":"","background-image":"","background-repeat":"repeat","background-position":"center center","background-size":"auto","background-attachment":"scroll","background-type":"","background-media":"","overlay-type":"","overlay-color":"","overlay-opacity":"","overlay-gradient":""},"mobile":{"background-color":"","background-image":"","background-repeat":"repeat","background-position":"center center","background-size":"auto","background-attachment":"scroll","background-type":"","background-media":"","overlay-type":"","overlay-color":"","overlay-opacity":"","overlay-gradient":""}},"ast-content-background-meta":{"desktop":{"background-color":"var(--ast-global-color-5)","background-image":"","background-repeat":"repeat","background-position":"center center","background-size":"auto","background-attachment":"scroll","background-type":"","background-media":"","overlay-type":"","overlay-color":"","overlay-opacity":"","overlay-gradient":""},"tablet":{"background-color":"var(--ast-global-color-5)","background-image":"","background-repeat":"repeat","background-position":"center center","background-size":"auto","background-attachment":"scroll","background-type":"","background-media":"","overlay-type":"","overlay-color":"","overlay-opacity":"","overlay-gradient":""},"mobile":{"background-color":"var(--ast-global-color-5)","background-image":"","background-repeat":"repeat","background-position":"center center","background-size":"auto","background-attachment":"scroll","background-type":"","background-media":"","overlay-type":"","overlay-color":"","overlay-opacity":"","overlay-gradient":""}},"footnotes":""},"class_list":["post-139","page","type-page","status-publish","hentry"],"uagb_featured_image_src":{"full":false,"thumbnail":false,"medium":false,"medium_large":false,"large":false,"1536x1536":false,"2048x2048":false,"trp-custom-language-flag":false},"uagb_author_info":{"display_name":"admin","author_link":"https:\/\/3bint.co.uk\/es\/author\/bintco\/"},"uagb_comment_info":0,"uagb_excerpt":"Our Story Discover 3B International\u2019s Legacy in Logistics With over two decades of experience, 3B International has established a reputation [&hellip;]","_links":{"self":[{"href":"https:\/\/3bint.co.uk\/es\/wp-json\/wp\/v2\/pages\/139","targetHints":{"allow":["GET"]}}],"collection":[{"href":"https:\/\/3bint.co.uk\/es\/wp-json\/wp\/v2\/pages"}],"about":[{"href":"https:\/\/3bint.co.uk\/es\/wp-json\/wp\/v2\/types\/page"}],"author":[{"embeddable":true,"href":"https:\/\/3bint.co.uk\/es\/wp-json\/wp\/v2\/users\/1"}],"replies":[{"embeddable":true,"href":"https:\/\/3bint.co.uk\/es\/wp-json\/wp\/v2\/comments?post=139"}],"version-history":[{"count":6,"href":"https:\/\/3bint.co.uk\/es\/wp-json\/wp\/v2\/pages\/139\/revisions"}],"predecessor-version":[{"id":290,"href":"https:\/\/3bint.co.uk\/es\/wp-json\/wp\/v2\/pages\/139\/revisions\/290"}],"wp:attachment":[{"href":"https:\/\/3bint.co.uk\/es\/wp-json\/wp\/v2\/media?parent=139"}],"curies":[{"name":"wp","href":"https:\/\/api.w.org\/{rel}","templated":true}]}}