{"id":140,"date":"2025-11-15T11:55:45","date_gmt":"2025-11-15T11:55:45","guid":{"rendered":"https:\/\/3bint.co.uk\/index.php\/services\/"},"modified":"2025-11-15T11:56:18","modified_gmt":"2025-11-15T11:56:18","slug":"services","status":"publish","type":"page","link":"https:\/\/3bint.co.uk\/de\/services\/","title":{"rendered":"Dienstleistungen"},"content":{"rendered":"<div class=\"wp-block-uagb-container uagb-block-398cb9f6 alignfull uagb-is-root-container\"><div class=\"uagb-container-inner-blocks-wrap\">\n<div class=\"wp-block-uagb-advanced-heading uagb-block-f3ca99db\"><p class=\"uagb-desc-text\">Umfassende L\u00f6sungen<\/p><h1 class=\"uagb-heading-text\">Zuverl\u00e4ssige Logistikdienstleistungen f\u00fcr Ihr Unternehmen<\/h1><\/div>\n<\/div><\/div>\n\n\n\n<div class=\"wp-block-uagb-container uagb-layout-grid uagb-block-fa1435f9 alignfull uagb-is-root-container\"><div class=\"uagb-container-inner-blocks-wrap\">\n<div class=\"wp-block-uagb-image uagb-block-e6668d8b wp-block-uagb-image--layout-default wp-block-uagb-image--effect-static wp-block-uagb-image--align-none\"><figure class=\"wp-block-uagb-image__figure\"><img decoding=\"async\" srcset=\"https:\/\/3bint.co.uk\/wp-content\/uploads\/2025\/11\/pexels-photo-4483775.jpeg ,https:\/\/3bint.co.uk\/wp-content\/uploads\/2025\/11\/pexels-photo-4483775.jpeg 780w, https:\/\/3bint.co.uk\/wp-content\/uploads\/2025\/11\/pexels-photo-4483775.jpeg 360w\" sizes=\"auto, (max-width: 480px) 150px\" src=\"https:\/\/3bint.co.uk\/wp-content\/uploads\/2025\/11\/pexels-photo-4483775.jpeg\" alt=\"A man walking through a large industrial warehouse with stacked shelves filled with goods and products.\" class=\"uag-image-39\" width=\"570\" height=\"450\" title=\"Dienstleistungen-01\" loading=\"lazy\" role=\"img\"\/><\/figure><\/div>\n\n\n\n<div class=\"wp-block-uagb-info-box uagb-block-22c66185 uagb-infobox__content-wrap  uagb-infobox-icon-above-title uagb-infobox-image-valign-top\"><div class=\"uagb-ifb-content\"><div class=\"uagb-ifb-title-wrap\"><h2 class=\"uagb-ifb-title-prefix\">01.<\/h2><h3 class=\"uagb-ifb-title\">Fulfillment-Dienstleistungen<\/h3><\/div><p class=\"uagb-ifb-desc\">Unsere Fulfillment Services bieten einen rationalisierten Ansatz f\u00fcr Bestandsmanagement und Auftragsabwicklung. Mit modernster Technologie sorgen wir f\u00fcr p\u00fcnktliche und pr\u00e4zise Auftragslieferungen, die auf die spezifischen Bed\u00fcrfnisse jedes Kunden zugeschnitten sind. Vertrauen Sie unserem engagierten Team, um die Effizienz Ihrer Lieferkette zu steigern und die Kundenzufriedenheit zu verbessern.<\/p><\/div><\/div>\n<\/div><\/div>\n\n\n\n<div class=\"wp-block-uagb-container uagb-layout-grid uagb-block-9b2ca079 alignfull uagb-is-root-container\"><div class=\"uagb-container-inner-blocks-wrap\">\n<div class=\"wp-block-uagb-info-box uagb-block-cbb9d937 uagb-infobox__content-wrap  uagb-infobox-icon-above-title uagb-infobox-image-valign-top\"><div class=\"uagb-ifb-content\"><div class=\"uagb-ifb-title-wrap\"><h2 class=\"uagb-ifb-title-prefix\">02.<\/h2><h3 class=\"uagb-ifb-title\">Weltweite Kurierdienste<\/h3><\/div><p class=\"uagb-ifb-desc\">Unsere weltweiten Kurierdienste bieten schnelle und zuverl\u00e4ssige Versandoptionen, die auf Unternehmen jeder Gr\u00f6\u00dfe zugeschnitten sind. Wir sind auf Zielortlogistik spezialisiert und sorgen daf\u00fcr, dass Ihre Pakete sicher und p\u00fcnktlich ihr Ziel erreichen. Dank unseres umfangreichen Netzwerks k\u00f6nnen Sie sicher sein, dass Ihre Lieferungen mit Sorgfalt und Effizienz abgewickelt werden.<\/p><\/div><\/div>\n\n\n\n<div class=\"wp-block-uagb-image uagb-block-7af7b4bf wp-block-uagb-image--layout-default wp-block-uagb-image--effect-static wp-block-uagb-image--align-none\"><figure class=\"wp-block-uagb-image__figure\"><img decoding=\"async\" srcset=\"https:\/\/3bint.co.uk\/wp-content\/uploads\/2025\/11\/pexels-photo-7309941.jpeg ,https:\/\/3bint.co.uk\/wp-content\/uploads\/2025\/11\/pexels-photo-7309941.jpeg 780w, https:\/\/3bint.co.uk\/wp-content\/uploads\/2025\/11\/pexels-photo-7309941.jpeg 360w\" sizes=\"auto, (max-width: 480px) 150px\" src=\"https:\/\/3bint.co.uk\/wp-content\/uploads\/2025\/11\/pexels-photo-7309941.jpeg\" alt=\"Open cardboard box with packing peanuts and hand placing patterned item.\" class=\"uag-image-40\" width=\"570\" height=\"450\" title=\"Dienstleistungen-02\" loading=\"lazy\" role=\"img\"\/><\/figure><\/div>\n<\/div><\/div>\n\n\n\n<div class=\"wp-block-uagb-container uagb-layout-grid uagb-block-01d2b17b alignfull uagb-is-root-container\"><div class=\"uagb-container-inner-blocks-wrap\">\n<div class=\"wp-block-uagb-image uagb-block-7628e631 wp-block-uagb-image--layout-default wp-block-uagb-image--effect-static wp-block-uagb-image--align-none\"><figure class=\"wp-block-uagb-image__figure\"><img decoding=\"async\" srcset=\"https:\/\/3bint.co.uk\/wp-content\/uploads\/2025\/11\/pexels-photo-6169020.jpeg ,https:\/\/3bint.co.uk\/wp-content\/uploads\/2025\/11\/pexels-photo-6169020.jpeg 780w, https:\/\/3bint.co.uk\/wp-content\/uploads\/2025\/11\/pexels-photo-6169020.jpeg 360w\" sizes=\"auto, (max-width: 480px) 150px\" src=\"https:\/\/3bint.co.uk\/wp-content\/uploads\/2025\/11\/pexels-photo-6169020.jpeg\" alt=\"Organized cardboard boxes labeled &#039;Fragile&#039; in warehouse setting for shipping and logistics.\" class=\"uag-image-41\" width=\"570\" height=\"450\" title=\"Dienstleistungen-03\" loading=\"lazy\" role=\"img\"\/><\/figure><\/div>\n\n\n\n<div class=\"wp-block-uagb-info-box uagb-block-97b889c1 uagb-infobox__content-wrap  uagb-infobox-icon-above-title uagb-infobox-image-valign-top\"><div class=\"uagb-ifb-content\"><div class=\"uagb-ifb-title-wrap\"><h2 class=\"uagb-ifb-title-prefix\">03.<\/h2><h3 class=\"uagb-ifb-title\">e-Commerce L\u00f6sungen<\/h3><\/div><p class=\"uagb-ifb-desc\">Unsere E-Commerce-L\u00f6sungen sind darauf ausgerichtet, Online-H\u00e4ndler mit umfassenden Logistikdienstleistungen zu unterst\u00fctzen. Von der Lagerhaltung bis zur Auslieferung auf der letzten Meile - wir passen unsere L\u00f6sungen an Ihr Gesch\u00e4ftsmodell an. Unser Know-how sorgt f\u00fcr ein nahtloses Einkaufserlebnis f\u00fcr Ihre Kunden und vereinfachte Abl\u00e4ufe f\u00fcr Ihr Unternehmen.<\/p><\/div><\/div>\n<\/div><\/div>\n\n\n\n<div class=\"wp-block-uagb-container uagb-layout-grid uagb-block-c2a58bf8 alignfull uagb-is-root-container\"><div class=\"uagb-container-inner-blocks-wrap\">\n<div class=\"wp-block-uagb-info-box uagb-block-fafce59f uagb-infobox__content-wrap  uagb-infobox-icon-above-title uagb-infobox-image-valign-top\"><div class=\"uagb-ifb-content\"><div class=\"uagb-ifb-title-wrap\"><h2 class=\"uagb-ifb-title-prefix\">04.<\/h2><h3 class=\"uagb-ifb-title\">Zollabfertigung<\/h3><\/div><p class=\"uagb-ifb-desc\">Der Umgang mit Zollvorschriften kann komplex sein, aber unser Zollabfertigungsservice vereinfacht den Prozess f\u00fcr Sie. Unser erfahrenes Team arbeitet gewissenhaft daran, die Einhaltung aller gesetzlichen Vorschriften zu gew\u00e4hrleisten, Verz\u00f6gerungen zu minimieren und einen reibungslosen grenz\u00fcberschreitenden Transport Ihrer Waren sicherzustellen. Verlassen Sie sich darauf, dass wir den Papierkram erledigen, damit Sie sich auf Ihr Kerngesch\u00e4ft konzentrieren k\u00f6nnen.<\/p><\/div><\/div>\n\n\n\n<div class=\"wp-block-uagb-image uagb-block-166f80e7 wp-block-uagb-image--layout-default wp-block-uagb-image--effect-static wp-block-uagb-image--align-none\"><figure class=\"wp-block-uagb-image__figure\"><img decoding=\"async\" srcset=\"https:\/\/3bint.co.uk\/wp-content\/uploads\/2025\/11\/pexels-photo-6169669.jpeg ,https:\/\/3bint.co.uk\/wp-content\/uploads\/2025\/11\/pexels-photo-6169669.jpeg 780w, https:\/\/3bint.co.uk\/wp-content\/uploads\/2025\/11\/pexels-photo-6169669.jpeg 360w\" sizes=\"auto, (max-width: 480px) 150px\" src=\"https:\/\/3bint.co.uk\/wp-content\/uploads\/2025\/11\/pexels-photo-6169669.jpeg\" alt=\"A variety of cardboard boxes labeled &#039;fragile&#039; stacked in a vehicle for shipping or storage.\" class=\"uag-image-42\" width=\"570\" height=\"450\" title=\"Dienstleistungen-04\" loading=\"lazy\" role=\"img\"\/><\/figure><\/div>\n<\/div><\/div>\n\n\n\n<div class=\"wp-block-uagb-container uagb-block-589dc7bc alignfull uagb-is-root-container\"><div class=\"uagb-container-inner-blocks-wrap\">\n<div class=\"wp-block-uagb-advanced-heading uagb-block-047dddc0\"><p class=\"uagb-desc-text\">Unser Prozess<\/p><h2 class=\"uagb-heading-text\">Optimierte Logistik f\u00fcr maximale Effizienz<\/h2><\/div>\n\n\n\n<div class=\"wp-block-uagb-container uagb-block-a7112b30\">\n<div class=\"wp-block-uagb-container uagb-block-fd4dfe74\">\n<div class=\"wp-block-uagb-info-box uagb-block-67ae5678 uagb-infobox__content-wrap  uagb-infobox-icon-above-title uagb-infobox-image-valign-top\"><div class=\"uagb-ifb-content\"><div class=\"uagb-ifb-title-wrap\"><span class=\"uagb-ifb-title-prefix\">STEP-01<\/span><h3 class=\"uagb-ifb-title\">Bewertung<\/h3><\/div><p class=\"uagb-ifb-desc\">Wir bewerten Ihren Logistikbedarf, um unsere Dienstleistungen effektiv zu gestalten.<\/p><\/div><\/div>\n<\/div>\n\n\n\n<div class=\"wp-block-uagb-container uagb-block-adfe2a50\">\n<div class=\"wp-block-uagb-info-box uagb-block-93f710a6 uagb-infobox__content-wrap  uagb-infobox-icon-above-title uagb-infobox-image-valign-top\"><div class=\"uagb-ifb-content\"><div class=\"uagb-ifb-title-wrap\"><span class=\"uagb-ifb-title-prefix\">STEP-02<\/span><h3 class=\"uagb-ifb-title\">Umsetzung<\/h3><\/div><p class=\"uagb-ifb-desc\">Unser Team f\u00fchrt den Logistikplan mit Pr\u00e4zision und Sorgfalt aus.<\/p><\/div><\/div>\n<\/div>\n\n\n\n<div class=\"wp-block-uagb-container uagb-block-a3fffeef\">\n<div class=\"wp-block-uagb-info-box uagb-block-84c030e1 uagb-infobox__content-wrap  uagb-infobox-icon-above-title uagb-infobox-image-valign-top\"><div class=\"uagb-ifb-content\"><div class=\"uagb-ifb-title-wrap\"><span class=\"uagb-ifb-title-prefix\">STEP-03<\/span><h3 class=\"uagb-ifb-title\">R\u00fcckmeldung<\/h3><\/div><p class=\"uagb-ifb-desc\">Wir bewerten kontinuierlich unsere Leistung und nehmen auf der Grundlage der Ergebnisse Verbesserungen vor.<\/p><\/div><\/div>\n<\/div>\n<\/div>\n<\/div><\/div>\n\n\n\n<div class=\"wp-block-uagb-container uagb-block-82f7e11c alignfull uagb-is-root-container\"><div class=\"uagb-container-inner-blocks-wrap\">\n<div class=\"wp-block-uagb-info-box uagb-block-29a068cf uagb-infobox__content-wrap  uagb-infobox-icon-above-title uagb-infobox-image-valign-top\"><div class=\"uagb-ifb-content\"><div class=\"uagb-ifb-title-wrap\"><span class=\"uagb-ifb-title-prefix\">Bereit zum Start?<\/span><h2 class=\"uagb-ifb-title\">Nehmen Sie Kontakt auf und verbessern Sie Ihre Logistikstrategie noch heute!<\/h2><\/div><p class=\"uagb-ifb-desc\">Setzen Sie sich mit uns in Verbindung und erfahren Sie, wie unsere ma\u00dfgeschneiderten L\u00f6sungen Ihre Logistik rationalisieren und die Effizienz Ihres Unternehmens steigern k\u00f6nnen.<\/p><div class=\"uagb-ifb-button-wrapper wp-block-button\"><a href=\"\/de\/contact\/\" class=\"uagb-infobox-cta-link wp-block-button__link\" target=\"_self\" rel=\"noopener noreferrer\" onclick=\"return true;\"><span class=\"uagb-inline-editing\">Los geht's<\/span><\/a><\/div><\/div><\/div>\n<\/div><\/div>","protected":false},"excerpt":{"rendered":"<p>Umfassende L\u00f6sungen Zuverl\u00e4ssige Logistikdienstleistungen f\u00fcr Ihr Unternehmen Unser Prozess Optimierte Logistik f\u00fcr maximale Effizienz<\/p>","protected":false},"author":1,"featured_media":0,"parent":0,"menu_order":0,"comment_status":"closed","ping_status":"closed","template":"","meta":{"_uag_custom_page_level_css":"","site-sidebar-layout":"default","site-content-layout":"","ast-site-content-layout":"default","site-content-style":"default","site-sidebar-style":"default","ast-global-header-display":"","ast-banner-title-visibility":"","ast-main-header-display":"","ast-hfb-above-header-display":"","ast-hfb-below-header-display":"","ast-hfb-mobile-header-display":"","site-post-title":"disabled","ast-breadcrumbs-content":"","ast-featured-img":"","footer-sml-layout":"","theme-transparent-header-meta":"","adv-header-id-meta":"","stick-header-meta":"","header-above-stick-meta":"","header-main-stick-meta":"","header-below-stick-meta":"","astra-migrate-meta-layouts":"default","ast-page-background-enabled":"default","ast-page-background-meta":{"desktop":{"background-color":"var(--ast-global-color-4)","background-image":"","background-repeat":"repeat","background-position":"center center","background-size":"auto","background-attachment":"scroll","background-type":"","background-media":"","overlay-type":"","overlay-color":"","overlay-opacity":"","overlay-gradient":""},"tablet":{"background-color":"","background-image":"","background-repeat":"repeat","background-position":"center center","background-size":"auto","background-attachment":"scroll","background-type":"","background-media":"","overlay-type":"","overlay-color":"","overlay-opacity":"","overlay-gradient":""},"mobile":{"background-color":"","background-image":"","background-repeat":"repeat","background-position":"center center","background-size":"auto","background-attachment":"scroll","background-type":"","background-media":"","overlay-type":"","overlay-color":"","overlay-opacity":"","overlay-gradient":""}},"ast-content-background-meta":{"desktop":{"background-color":"var(--ast-global-color-5)","background-image":"","background-repeat":"repeat","background-position":"center center","background-size":"auto","background-attachment":"scroll","background-type":"","background-media":"","overlay-type":"","overlay-color":"","overlay-opacity":"","overlay-gradient":""},"tablet":{"background-color":"var(--ast-global-color-5)","background-image":"","background-repeat":"repeat","background-position":"center center","background-size":"auto","background-attachment":"scroll","background-type":"","background-media":"","overlay-type":"","overlay-color":"","overlay-opacity":"","overlay-gradient":""},"mobile":{"background-color":"var(--ast-global-color-5)","background-image":"","background-repeat":"repeat","background-position":"center center","background-size":"auto","background-attachment":"scroll","background-type":"","background-media":"","overlay-type":"","overlay-color":"","overlay-opacity":"","overlay-gradient":""}},"footnotes":""},"class_list":["post-140","page","type-page","status-publish","hentry"],"uagb_featured_image_src":{"full":false,"thumbnail":false,"medium":false,"medium_large":false,"large":false,"1536x1536":false,"2048x2048":false,"trp-custom-language-flag":false},"uagb_author_info":{"display_name":"admin","author_link":"https:\/\/3bint.co.uk\/de\/author\/bintco\/"},"uagb_comment_info":0,"uagb_excerpt":"Comprehensive Solutions Reliable Logistics Services for Your Business Our Process Streamlined Logistics for Maximum Efficiency","_links":{"self":[{"href":"https:\/\/3bint.co.uk\/de\/wp-json\/wp\/v2\/pages\/140","targetHints":{"allow":["GET"]}}],"collection":[{"href":"https:\/\/3bint.co.uk\/de\/wp-json\/wp\/v2\/pages"}],"about":[{"href":"https:\/\/3bint.co.uk\/de\/wp-json\/wp\/v2\/types\/page"}],"author":[{"embeddable":true,"href":"https:\/\/3bint.co.uk\/de\/wp-json\/wp\/v2\/users\/1"}],"replies":[{"embeddable":true,"href":"https:\/\/3bint.co.uk\/de\/wp-json\/wp\/v2\/comments?post=140"}],"version-history":[{"count":3,"href":"https:\/\/3bint.co.uk\/de\/wp-json\/wp\/v2\/pages\/140\/revisions"}],"predecessor-version":[{"id":279,"href":"https:\/\/3bint.co.uk\/de\/wp-json\/wp\/v2\/pages\/140\/revisions\/279"}],"wp:attachment":[{"href":"https:\/\/3bint.co.uk\/de\/wp-json\/wp\/v2\/media?parent=140"}],"curies":[{"name":"wp","href":"https:\/\/api.w.org\/{rel}","templated":true}]}}