{"id":139,"date":"2025-11-15T11:55:44","date_gmt":"2025-11-15T11:55:44","guid":{"rendered":"https:\/\/3bint.co.uk\/index.php\/about\/"},"modified":"2025-11-15T15:42:10","modified_gmt":"2025-11-15T15:42:10","slug":"about","status":"publish","type":"page","link":"https:\/\/3bint.co.uk\/de\/about\/","title":{"rendered":"\u00dcber"},"content":{"rendered":"<div class=\"wp-block-uagb-container uagb-block-398cb9f6 alignfull uagb-is-root-container\"><div class=\"uagb-container-inner-blocks-wrap\">\n<div class=\"wp-block-uagb-advanced-heading uagb-block-f3ca99db\"><p class=\"uagb-desc-text\">Unsere Geschichte<\/p><h1 class=\"uagb-heading-text\">Entdecken Sie das Erbe von 3B International in der Logistik<\/h1><\/div>\n<\/div><\/div>\n\n\n\n<div class=\"wp-block-uagb-container uagb-layout-grid uagb-block-fa1435f9 alignfull uagb-is-root-container\"><div class=\"uagb-container-inner-blocks-wrap\">\n<div class=\"wp-block-uagb-image uagb-block-e6668d8b wp-block-uagb-image--layout-default wp-block-uagb-image--effect-static wp-block-uagb-image--align-none\"><figure class=\"wp-block-uagb-image__figure\"><img decoding=\"async\" srcset=\"https:\/\/3bint.co.uk\/wp-content\/uploads\/2025\/11\/pexels-photo-7019213.jpeg ,https:\/\/3bint.co.uk\/wp-content\/uploads\/2025\/11\/pexels-photo-7019213.jpeg 780w, https:\/\/3bint.co.uk\/wp-content\/uploads\/2025\/11\/pexels-photo-7019213.jpeg 360w\" sizes=\"auto, (max-width: 480px) 150px\" src=\"https:\/\/3bint.co.uk\/wp-content\/uploads\/2025\/11\/pexels-photo-7019213.jpeg\" alt=\"A warehouse worker sorting items on shelves in an organized storage space.\" class=\"uag-image-36\" width=\"570\" height=\"500\" title=\"wer-wir-sind\" loading=\"lazy\" role=\"img\"\/><\/figure><\/div>\n\n\n\n<div class=\"wp-block-uagb-container uagb-block-8116f50b\">\n<div class=\"wp-block-uagb-info-box uagb-block-22c66185 uagb-infobox__content-wrap  uagb-infobox-icon-above-title uagb-infobox-image-valign-top wp-block-uagb-info-box--has-margin\"><div class=\"uagb-infobox-margin-wrapper\"><div class=\"uagb-ifb-content\"><div class=\"uagb-ifb-title-wrap\"><p class=\"uagb-ifb-title-prefix\">Wer wir sind<\/p><h2 class=\"uagb-ifb-title\">Ihr zuverl\u00e4ssiger Partner f\u00fcr globale Logistikl\u00f6sungen<\/h2><\/div><p class=\"uagb-ifb-desc\">Wir bei 3B International sind stolz darauf, effiziente Logistikl\u00f6sungen zu liefern, die die Erwartungen unserer Kunden stets \u00fcbertreffen. Unser Engagement f\u00fcr Qualit\u00e4t und Pr\u00e4zision hat zu optimierten Abl\u00e4ufen f\u00fcr Unternehmen in ganz Gro\u00dfbritannien gef\u00fchrt und so die Effektivit\u00e4t und das Wachstum ihrer Lieferkette verbessert.<\/p><\/div><\/div><\/div>\n\n\n\n<div class=\"wp-block-uagb-advanced-heading uagb-block-9c1b1a1d\"><p class=\"uagb-heading-text\">Mit mehr als zwei Jahrzehnten Erfahrung hat sich 3B International einen guten Ruf f\u00fcr Zuverl\u00e4ssigkeit und hervorragende Leistungen in der Logistik f\u00fcr Dritte erworben. Unsere L\u00f6sungen haben unseren Kunden geholfen, Kosten zu senken, Durchlaufzeiten zu verbessern und die Kundenzufriedenheit zu erh\u00f6hen.<\/p><\/div>\n<\/div>\n<\/div><\/div>\n\n\n\n<div class=\"wp-block-uagb-container uagb-layout-grid uagb-block-7151de24 alignfull uagb-is-root-container\"><div class=\"uagb-container-inner-blocks-wrap\">\n<div class=\"wp-block-uagb-advanced-heading uagb-block-5336c70c\"><p class=\"uagb-desc-text\">Unsere Reise<\/p><h2 class=\"uagb-heading-text\">Mehr als 20 Jahre Erfahrung in der Logistik<\/h2><\/div>\n\n\n\n<div class=\"wp-block-uagb-info-box uagb-block-37741989 uagb-infobox__content-wrap  uagb-infobox-icon-above-title uagb-infobox-image-valign-top wp-block-uagb-info-box--has-margin\"><div class=\"uagb-infobox-margin-wrapper\"><div class=\"uagb-ifb-content\"><div class=\"uagb-ifb-title-wrap\"><p class=\"uagb-ifb-title\">Das 1998 gegr\u00fcndete Unternehmen 3B International mit Sitz in Redruth, Cornwall, hat sich von einem kleinen Logistikdienstleister zu einem der f\u00fchrenden Logistikunternehmen im Vereinigten K\u00f6nigreich entwickelt. Im Laufe der Jahre haben wir technologische Fortschritte und bew\u00e4hrte Praktiken in der Logistik \u00fcbernommen, so dass wir unsere Dienstleistungen erweitern und die Abl\u00e4ufe unserer Kunden auf der ganzen Welt verbessern konnten.<\/p><\/div><p class=\"uagb-ifb-desc\">Seit seiner Gr\u00fcndung hat 3B International durch die konsequente Erbringung hochwertiger Dienstleistungen einen treuen Kundenstamm aufgebaut. Unsere Geschichte spiegelt unser Engagement f\u00fcr Innovation und Exzellenz wider und macht uns zu einem vertrauensw\u00fcrdigen Marktf\u00fchrer in der Logistikbranche.<\/p><\/div><\/div><\/div>\n<\/div><\/div>\n\n\n\n<div class=\"wp-block-uagb-container uagb-block-a177b11e alignfull uagb-is-root-container\"><div class=\"uagb-container-inner-blocks-wrap\">\n<div class=\"wp-block-uagb-container uagb-block-7bdfbaaf\">\n<div class=\"wp-block-uagb-advanced-heading uagb-block-b10e0589\"><h2 class=\"uagb-heading-text\">Unser Auftrag<\/h2><p class=\"uagb-desc-text\">Wir bieten au\u00dfergew\u00f6hnliche Logistikl\u00f6sungen, die den Erfolg und die Zufriedenheit unserer Kunden durch Zuverl\u00e4ssigkeit, Effizienz und einen kundenorientierten Ansatz f\u00f6rdern.<\/p><\/div>\n<\/div>\n\n\n\n<div class=\"wp-block-uagb-container uagb-block-d93f4c87\">\n<div class=\"wp-block-uagb-advanced-heading uagb-block-1c9e7d1d\"><h2 class=\"uagb-heading-text\">Unsere Werte<\/h2><p class=\"uagb-desc-text\">Integrit\u00e4t, Zusammenarbeit und Innovation sind die Leitmotive unserer T\u00e4tigkeit, die sicherstellen, dass wir einen hervorragenden Service bieten und gleichzeitig dauerhafte Partnerschaften mit unseren Kunden aufbauen.<\/p><\/div>\n<\/div>\n<\/div><\/div>\n\n\n\n<div class=\"wp-block-uagb-container uagb-block-589dc7bc alignfull uagb-is-root-container\"><div class=\"uagb-container-inner-blocks-wrap\">\n<div class=\"wp-block-uagb-advanced-heading uagb-block-047dddc0\"><p class=\"uagb-desc-text\">Treffen Sie unser Team<\/p><h2 class=\"uagb-heading-text\">Erfahrene Fachleute zu Ihren Diensten<\/h2><\/div>\n\n\n\n<div class=\"wp-block-uagb-container uagb-block-4309595f\">\n<div class=\"wp-block-uagb-container uagb-block-125341ba\">\n<div class=\"wp-block-uagb-image aligncenter uagb-block-900b86e7 wp-block-uagb-image--layout-default wp-block-uagb-image--effect-static wp-block-uagb-image--align-center\"><figure class=\"wp-block-uagb-image__figure\"><img decoding=\"async\" srcset=\"https:\/\/3bint.co.uk\/wp-content\/uploads\/2025\/11\/pexels-photo-4483610.jpeg ,https:\/\/3bint.co.uk\/wp-content\/uploads\/2025\/11\/pexels-photo-4483610.jpeg 780w, https:\/\/3bint.co.uk\/wp-content\/uploads\/2025\/11\/pexels-photo-4483610.jpeg 360w\" sizes=\"auto, (max-width: 480px) 150px\" src=\"https:\/\/3bint.co.uk\/wp-content\/uploads\/2025\/11\/pexels-photo-4483610.jpeg\" alt=\"Wide angle view of a warehouse with stocked shelves and boxes.\" class=\"uag-image-38\" width=\"240\" height=\"240\" title=\"team-01\" loading=\"lazy\" role=\"img\"\/><\/figure><\/div>\n\n\n\n<div class=\"wp-block-uagb-advanced-heading uagb-block-92ecf845\"><p class=\"uagb-heading-text\">James Brown<\/p><p class=\"uagb-desc-text\">Gesch\u00e4ftsf\u00fchrender Direktor<\/p><\/div>\n<\/div>\n\n\n\n<div class=\"wp-block-uagb-container uagb-block-03455474\">\n<div class=\"wp-block-uagb-image aligncenter uagb-block-6f1d6647 wp-block-uagb-image--layout-default wp-block-uagb-image--effect-static wp-block-uagb-image--align-center\"><figure class=\"wp-block-uagb-image__figure\"><img decoding=\"async\" srcset=\"https:\/\/3bint.co.uk\/wp-content\/uploads\/2025\/11\/pexels-photo-4483775.jpeg ,https:\/\/3bint.co.uk\/wp-content\/uploads\/2025\/11\/pexels-photo-4483775.jpeg 780w, https:\/\/3bint.co.uk\/wp-content\/uploads\/2025\/11\/pexels-photo-4483775.jpeg 360w\" sizes=\"auto, (max-width: 480px) 150px\" src=\"https:\/\/3bint.co.uk\/wp-content\/uploads\/2025\/11\/pexels-photo-4483775.jpeg\" alt=\"A man walking through a large industrial warehouse with stacked shelves filled with goods and products.\" class=\"uag-image-39\" width=\"240\" height=\"240\" title=\"Team-03\" loading=\"lazy\" role=\"img\"\/><\/figure><\/div>\n\n\n\n<div class=\"wp-block-uagb-advanced-heading uagb-block-4b469db4\"><p class=\"uagb-heading-text\">Chris Horrocks<\/p><p class=\"uagb-desc-text\">Betriebsleiter<\/p><\/div>\n<\/div>\n<\/div>\n<\/div><\/div>\n\n\n\n<div class=\"wp-block-uagb-container uagb-block-82f7e11c alignfull uagb-is-root-container\"><div class=\"uagb-container-inner-blocks-wrap\">\n<div class=\"wp-block-uagb-info-box uagb-block-29a068cf uagb-infobox__content-wrap  uagb-infobox-icon-above-title uagb-infobox-image-valign-top\"><div class=\"uagb-ifb-content\"><div class=\"uagb-ifb-title-wrap\"><span class=\"uagb-ifb-title-prefix\">Bereit zum Start?<\/span><h2 class=\"uagb-ifb-title\">Nehmen Sie Kontakt auf und verbessern Sie Ihre Logistikstrategie noch heute!<\/h2><\/div><p class=\"uagb-ifb-desc\">Setzen Sie sich mit uns in Verbindung und erfahren Sie, wie unsere ma\u00dfgeschneiderten L\u00f6sungen Ihre Logistik rationalisieren und die Effizienz Ihres Unternehmens steigern k\u00f6nnen.<\/p><div class=\"uagb-ifb-button-wrapper wp-block-button\"><a href=\"\/de\/contact\/\" class=\"uagb-infobox-cta-link wp-block-button__link\" target=\"_self\" rel=\"noopener noreferrer\" onclick=\"return true;\"><span class=\"uagb-inline-editing\">Los geht's<\/span><\/a><\/div><\/div><\/div>\n<\/div><\/div>","protected":false},"excerpt":{"rendered":"<p>Unsere Geschichte Entdecken Sie das Verm\u00e4chtnis von 3B International in der Logistik Mit \u00fcber zwei Jahrzehnten Erfahrung hat sich 3B International einen guten Ruf [...]<\/p>","protected":false},"author":1,"featured_media":0,"parent":0,"menu_order":0,"comment_status":"closed","ping_status":"closed","template":"","meta":{"_uag_custom_page_level_css":"","site-sidebar-layout":"default","site-content-layout":"","ast-site-content-layout":"default","site-content-style":"default","site-sidebar-style":"default","ast-global-header-display":"","ast-banner-title-visibility":"","ast-main-header-display":"","ast-hfb-above-header-display":"","ast-hfb-below-header-display":"","ast-hfb-mobile-header-display":"","site-post-title":"disabled","ast-breadcrumbs-content":"","ast-featured-img":"","footer-sml-layout":"","theme-transparent-header-meta":"","adv-header-id-meta":"","stick-header-meta":"","header-above-stick-meta":"","header-main-stick-meta":"","header-below-stick-meta":"","astra-migrate-meta-layouts":"default","ast-page-background-enabled":"default","ast-page-background-meta":{"desktop":{"background-color":"var(--ast-global-color-4)","background-image":"","background-repeat":"repeat","background-position":"center center","background-size":"auto","background-attachment":"scroll","background-type":"","background-media":"","overlay-type":"","overlay-color":"","overlay-opacity":"","overlay-gradient":""},"tablet":{"background-color":"","background-image":"","background-repeat":"repeat","background-position":"center center","background-size":"auto","background-attachment":"scroll","background-type":"","background-media":"","overlay-type":"","overlay-color":"","overlay-opacity":"","overlay-gradient":""},"mobile":{"background-color":"","background-image":"","background-repeat":"repeat","background-position":"center center","background-size":"auto","background-attachment":"scroll","background-type":"","background-media":"","overlay-type":"","overlay-color":"","overlay-opacity":"","overlay-gradient":""}},"ast-content-background-meta":{"desktop":{"background-color":"var(--ast-global-color-5)","background-image":"","background-repeat":"repeat","background-position":"center center","background-size":"auto","background-attachment":"scroll","background-type":"","background-media":"","overlay-type":"","overlay-color":"","overlay-opacity":"","overlay-gradient":""},"tablet":{"background-color":"var(--ast-global-color-5)","background-image":"","background-repeat":"repeat","background-position":"center center","background-size":"auto","background-attachment":"scroll","background-type":"","background-media":"","overlay-type":"","overlay-color":"","overlay-opacity":"","overlay-gradient":""},"mobile":{"background-color":"var(--ast-global-color-5)","background-image":"","background-repeat":"repeat","background-position":"center center","background-size":"auto","background-attachment":"scroll","background-type":"","background-media":"","overlay-type":"","overlay-color":"","overlay-opacity":"","overlay-gradient":""}},"footnotes":""},"class_list":["post-139","page","type-page","status-publish","hentry"],"uagb_featured_image_src":{"full":false,"thumbnail":false,"medium":false,"medium_large":false,"large":false,"1536x1536":false,"2048x2048":false,"trp-custom-language-flag":false},"uagb_author_info":{"display_name":"admin","author_link":"https:\/\/3bint.co.uk\/de\/author\/bintco\/"},"uagb_comment_info":0,"uagb_excerpt":"Our Story Discover 3B International\u2019s Legacy in Logistics With over two decades of experience, 3B International has established a reputation [&hellip;]","_links":{"self":[{"href":"https:\/\/3bint.co.uk\/de\/wp-json\/wp\/v2\/pages\/139","targetHints":{"allow":["GET"]}}],"collection":[{"href":"https:\/\/3bint.co.uk\/de\/wp-json\/wp\/v2\/pages"}],"about":[{"href":"https:\/\/3bint.co.uk\/de\/wp-json\/wp\/v2\/types\/page"}],"author":[{"embeddable":true,"href":"https:\/\/3bint.co.uk\/de\/wp-json\/wp\/v2\/users\/1"}],"replies":[{"embeddable":true,"href":"https:\/\/3bint.co.uk\/de\/wp-json\/wp\/v2\/comments?post=139"}],"version-history":[{"count":6,"href":"https:\/\/3bint.co.uk\/de\/wp-json\/wp\/v2\/pages\/139\/revisions"}],"predecessor-version":[{"id":290,"href":"https:\/\/3bint.co.uk\/de\/wp-json\/wp\/v2\/pages\/139\/revisions\/290"}],"wp:attachment":[{"href":"https:\/\/3bint.co.uk\/de\/wp-json\/wp\/v2\/media?parent=139"}],"curies":[{"name":"wp","href":"https:\/\/api.w.org\/{rel}","templated":true}]}}